{"id":54443,"date":"2020-06-01T14:00:26","date_gmt":"2020-06-01T13:00:26","guid":{"rendered":"https:\/\/wfinderpro.com\/sp\/?post_type=product&#038;p=54443"},"modified":"2026-04-22T15:20:56","modified_gmt":"2026-04-22T14:20:56","slug":"extraible","status":"publish","type":"product","link":"https:\/\/wfinderpro.com\/sp\/product\/extraible\/","title":{"rendered":"Extra\u00edble Kermes"},"content":{"rendered":"<p>Soporte para hacer el Kermes extra\u00edble, permitiendo instalarlo en otras ubicaciones que no sean el salpicadero del veh\u00edculo.<\/p>\n","protected":false},"excerpt":{"rendered":"<p>Accesorio que permite una instalaci\u00f3n de su avisador en posiciones distintas que el im\u00e1n no permite.<\/p>\n","protected":false},"featured_media":54426,"template":"","meta":{"jetpack_post_was_ever_published":false},"product_brand":[],"product_cat":[217],"product_tag":[288,201,287],"class_list":{"0":"post-54443","1":"product","2":"type-product","3":"status-publish","4":"has-post-thumbnail","6":"product_cat-accesorios","7":"product_tag-extraible","8":"product_tag-kermes","9":"product_tag-soporte","10":"product_shipping_class-agencia","11":"description-off","13":"first","14":"instock","15":"taxable","16":"shipping-taxable","17":"purchasable","18":"product-type-simple"},"acf":[],"jetpack_sharing_enabled":true,"_links":{"self":[{"href":"https:\/\/wfinderpro.com\/sp\/wp-json\/wp\/v2\/product\/54443","targetHints":{"allow":["GET"]}}],"collection":[{"href":"https:\/\/wfinderpro.com\/sp\/wp-json\/wp\/v2\/product"}],"about":[{"href":"https:\/\/wfinderpro.com\/sp\/wp-json\/wp\/v2\/types\/product"}],"wp:featuredmedia":[{"embeddable":true,"href":"https:\/\/wfinderpro.com\/sp\/wp-json\/wp\/v2\/media\/54426"}],"wp:attachment":[{"href":"https:\/\/wfinderpro.com\/sp\/wp-json\/wp\/v2\/media?parent=54443"}],"wp:term":[{"taxonomy":"product_brand","embeddable":true,"href":"https:\/\/wfinderpro.com\/sp\/wp-json\/wp\/v2\/product_brand?post=54443"},{"taxonomy":"product_cat","embeddable":true,"href":"https:\/\/wfinderpro.com\/sp\/wp-json\/wp\/v2\/product_cat?post=54443"},{"taxonomy":"product_tag","embeddable":true,"href":"https:\/\/wfinderpro.com\/sp\/wp-json\/wp\/v2\/product_tag?post=54443"}],"curies":[{"name":"wp","href":"https:\/\/api.w.org\/{rel}","templated":true}]}}