{"id":54179,"date":"2020-06-07T10:00:28","date_gmt":"2020-06-07T09:00:28","guid":{"rendered":"https:\/\/wfinderpro.com\/sp\/?post_type=product&#038;p=54179"},"modified":"2026-04-30T18:38:26","modified_gmt":"2026-04-30T17:38:26","slug":"kermes-plus-iv","status":"publish","type":"product","link":"https:\/\/wfinderpro.com\/sp\/product\/kermes-plus-iv\/","title":{"rendered":"Kermes Plus IV"},"content":{"rendered":"<p><span style=\"display: inline !important; float: none; background-color: transparent; color: #8b8d94; font-family: 'Roboto',Helvetica,Arial,Verdana,sans-serif; font-size: 15px; font-style: normal; font-variant: normal; font-weight: 400; letter-spacing: normal; orphans: 2; text-align: left; text-decoration: none; text-indent: 0px; text-transform: none; -webkit-text-stroke-width: 0px; white-space: normal; word-spacing: 0px;\">Sistema de seguridad en carretera y aviso de <strong>todo tipo de controles sancionadores<\/strong> (radares fijos, radar de tramo, radar de sem\u00e1foro, radar de cintur\u00f3n, radar de stop, posibles m\u00f3viles&#8230;) Kermes Plus IV. Con m\u00e1s de <strong>18 a\u00f1os de actualizaciones<\/strong> de la base de datos y la gama m\u00e1s completa de<strong> avisos diferenciados<\/strong> del mercado, evitando as\u00ed distracciones en la conducci\u00f3n. Nuevo sistema de actualizaci\u00f3n (\u00fanicamente para PC) m\u00e1s sencillo, y m\u00e1s <strong>personalizable<\/strong> (pudiendo seleccionar los avisos que desee recibir, incluso dependiendo de la velocidad a la que circule).<\/span><\/p>\n<p><span style=\"display: inline !important; float: none; background-color: transparent; color: #8b8d94; font-family: 'Roboto',Helvetica,Arial,Verdana,sans-serif; font-size: 15px; font-style: normal; font-variant: normal; font-weight: 400; letter-spacing: normal; orphans: 2; text-align: left; text-decoration: none; text-indent: 0px; text-transform: none; -webkit-text-stroke-width: 0px; white-space: normal; word-spacing: 0px;\"><strong>Pa\u00edses incluidos<\/strong>: Espa\u00f1a (incluido Islas, Ceuta, Melilla y Gibraltar), Portugal, Andorra, Francia e Italia.<br \/>\n<\/span><\/p>\n","protected":false},"excerpt":{"rendered":"<p>Avisador GPS de radares y m\u00e1s puntos sancionadores Kermes Plus IV.<\/p>\n<p>Incluye im\u00e1n, cable de actualizaci\u00f3n y cable de alimentaci\u00f3n.<\/p>\n<p>Actualizaciones gratuitas.<\/p>\n","protected":false},"featured_media":54028,"template":"","meta":{"jetpack_post_was_ever_published":false},"product_brand":[],"product_cat":[160],"product_tag":[276,214,215,201,203],"class_list":{"0":"post-54179","1":"product","2":"type-product","3":"status-publish","4":"has-post-thumbnail","6":"product_cat-avisadores","7":"product_tag-276","8":"product_tag-antena","9":"product_tag-gps","10":"product_tag-kermes","11":"product_tag-kermes-plus-iv","12":"product_shipping_class-free","13":"description-off","15":"first","16":"instock","17":"taxable","18":"shipping-taxable","19":"purchasable","20":"product-type-simple"},"acf":[],"jetpack_sharing_enabled":true,"_links":{"self":[{"href":"https:\/\/wfinderpro.com\/sp\/wp-json\/wp\/v2\/product\/54179","targetHints":{"allow":["GET"]}}],"collection":[{"href":"https:\/\/wfinderpro.com\/sp\/wp-json\/wp\/v2\/product"}],"about":[{"href":"https:\/\/wfinderpro.com\/sp\/wp-json\/wp\/v2\/types\/product"}],"wp:featuredmedia":[{"embeddable":true,"href":"https:\/\/wfinderpro.com\/sp\/wp-json\/wp\/v2\/media\/54028"}],"wp:attachment":[{"href":"https:\/\/wfinderpro.com\/sp\/wp-json\/wp\/v2\/media?parent=54179"}],"wp:term":[{"taxonomy":"product_brand","embeddable":true,"href":"https:\/\/wfinderpro.com\/sp\/wp-json\/wp\/v2\/product_brand?post=54179"},{"taxonomy":"product_cat","embeddable":true,"href":"https:\/\/wfinderpro.com\/sp\/wp-json\/wp\/v2\/product_cat?post=54179"},{"taxonomy":"product_tag","embeddable":true,"href":"https:\/\/wfinderpro.com\/sp\/wp-json\/wp\/v2\/product_tag?post=54179"}],"curies":[{"name":"wp","href":"https:\/\/api.w.org\/{rel}","templated":true}]}}