{"id":54053,"date":"2020-06-16T10:00:26","date_gmt":"2020-06-16T09:00:26","guid":{"rendered":"https:\/\/wfinderpro.com\/sp\/?post_type=product&#038;p=54053"},"modified":"2023-11-13T13:57:09","modified_gmt":"2023-11-13T12:57:09","slug":"w-finder-pro-eclipse-dsp","status":"publish","type":"product","link":"https:\/\/wfinderpro.com\/sp\/product\/w-finder-pro-eclipse-dsp\/","title":{"rendered":"W-Finder Pro Eclipse DSP"},"content":{"rendered":"<p><span style=\"display: inline !important; float: none; background-color: transparent; color: #8b8d94; font-family: 'Roboto',Helvetica,Arial,Verdana,sans-serif; font-size: 15px; font-style: normal; font-variant: normal; font-weight: 400; letter-spacing: normal; orphans: 2; text-align: left; text-decoration: none; text-indent: 0px; text-transform: none; -webkit-text-stroke-width: 0px; white-space: normal; word-spacing: 0px;\">Sistema de detecci\u00f3n de radar digital <strong>W-Finder Pro Eclipse DSP<\/strong> con avisador de radares mediante GPS incorporado.<\/span><\/p>\n<p><span style=\"display: inline !important; float: none; background-color: transparent; color: #8b8d94; font-family: 'Roboto',Helvetica,Arial,Verdana,sans-serif; font-size: 15px; font-style: normal; font-variant: normal; font-weight: 400; letter-spacing: normal; orphans: 2; text-align: left; text-decoration: none; text-indent: 0px; text-transform: none; -webkit-text-stroke-width: 0px; white-space: normal; word-spacing: 0px;\">Avisa de todos los tipos de controles sancionadores existentes, de manera clara y precisa, as\u00ed como avisos de seguridad en carretera, conociendo con seguridad el posible peligro existente en la v\u00eda.<br \/>\n<\/span><\/p>\n<p><span style=\"display: inline !important; float: none; background-color: transparent; color: #8b8d94; font-family: 'Roboto',Helvetica,Arial,Verdana,sans-serif; font-size: 15px; font-style: normal; font-variant: normal; font-weight: 400; letter-spacing: normal; orphans: 2; text-align: left; text-decoration: none; text-indent: 0px; text-transform: none; -webkit-text-stroke-width: 0px; white-space: normal; word-spacing: 0px;\">Las antenas <strong>DSP<\/strong> con tecnolog\u00eda digital proporcionan unas sorprendentes distancias de detecci\u00f3n y una excelente reducci\u00f3n de las falsas alertas, lo que lo convierte en el mejor producto disponible en la actualidad.<\/span><\/p>\n","protected":false},"excerpt":{"rendered":"<p>Detector de radar con tecnolog\u00eda DSP y GPS, que proporciona avisos de seguridad en carretera.<\/p>\n","protected":false},"featured_media":54486,"template":"","meta":{"jetpack_post_was_ever_published":false},"product_brand":[],"product_cat":[160,15],"product_tag":[213,199,201,280],"class_list":{"0":"post-54053","1":"product","2":"type-product","3":"status-publish","4":"has-post-thumbnail","6":"product_cat-avisadores","7":"product_cat-detectores","8":"product_tag-avisador","9":"product_tag-detector","10":"product_tag-kermes","11":"product_tag-multarradar","12":"product_shipping_class-free","13":"description-off","15":"first","16":"instock","17":"taxable","18":"shipping-taxable","19":"purchasable","20":"product-type-simple"},"acf":[],"jetpack_sharing_enabled":true,"_links":{"self":[{"href":"https:\/\/wfinderpro.com\/sp\/wp-json\/wp\/v2\/product\/54053","targetHints":{"allow":["GET"]}}],"collection":[{"href":"https:\/\/wfinderpro.com\/sp\/wp-json\/wp\/v2\/product"}],"about":[{"href":"https:\/\/wfinderpro.com\/sp\/wp-json\/wp\/v2\/types\/product"}],"wp:featuredmedia":[{"embeddable":true,"href":"https:\/\/wfinderpro.com\/sp\/wp-json\/wp\/v2\/media\/54486"}],"wp:attachment":[{"href":"https:\/\/wfinderpro.com\/sp\/wp-json\/wp\/v2\/media?parent=54053"}],"wp:term":[{"taxonomy":"product_brand","embeddable":true,"href":"https:\/\/wfinderpro.com\/sp\/wp-json\/wp\/v2\/product_brand?post=54053"},{"taxonomy":"product_cat","embeddable":true,"href":"https:\/\/wfinderpro.com\/sp\/wp-json\/wp\/v2\/product_cat?post=54053"},{"taxonomy":"product_tag","embeddable":true,"href":"https:\/\/wfinderpro.com\/sp\/wp-json\/wp\/v2\/product_tag?post=54053"}],"curies":[{"name":"wp","href":"https:\/\/api.w.org\/{rel}","templated":true}]}}