{"id":53101,"date":"2020-06-12T10:00:34","date_gmt":"2020-06-12T09:00:34","guid":{"rendered":"https:\/\/wfinderpro.com\/sp\/?post_type=product&#038;p=53101"},"modified":"2023-10-27T12:54:51","modified_gmt":"2023-10-27T11:54:51","slug":"dsp","status":"publish","type":"product","link":"https:\/\/wfinderpro.com\/sp\/product\/dsp\/","title":{"rendered":"W-Finder Pro DSP"},"content":{"rendered":"<p><span style=\"display: inline !important; float: none; background-color: transparent; color: #8b8d94; font-family: 'Roboto',Helvetica,Arial,Verdana,sans-serif; font-size: 15px; font-style: normal; font-variant: normal; font-weight: 400; letter-spacing: normal; orphans: 2; text-align: left; text-decoration: none; text-indent: 0px; text-transform: none; -webkit-text-stroke-width: 0px; white-space: normal; word-spacing: 0px;\">Detector de radar digital con tecnolog\u00eda DSP con procesamiento DIGITAL obteniendo destancias de detecci\u00f3n m\u00e1ximas sin falsas alertas.<br \/>\n<\/span><\/p>\n","protected":false},"excerpt":{"rendered":"<p><span style=\"display: inline !important; float: none; background-color: transparent; color: #8b8d94; font-family: 'Roboto',Helvetica,Arial,Verdana,sans-serif; font-size: 15px; font-style: normal; font-variant: normal; font-weight: 400; letter-spacing: normal; orphans: 2; text-align: left; text-decoration: none; text-indent: 0px; text-transform: none; -webkit-text-stroke-width: 0px; white-space: normal; word-spacing: 0px;\">Detector de radar digital con tecnolog\u00eda DSP.<\/span><\/p>\n","protected":false},"featured_media":54219,"template":"","meta":{"jetpack_post_was_ever_published":false},"product_brand":[],"product_cat":[15],"product_tag":[199,274,202],"class_list":{"0":"post-53101","1":"product","2":"type-product","3":"status-publish","4":"has-post-thumbnail","6":"product_cat-detectores","7":"product_tag-detector","8":"product_tag-digital","9":"product_tag-dsp","10":"product_shipping_class-free","11":"description-off","13":"first","14":"instock","15":"featured","16":"taxable","17":"shipping-taxable","18":"purchasable","19":"product-type-simple"},"acf":[],"jetpack_sharing_enabled":true,"_links":{"self":[{"href":"https:\/\/wfinderpro.com\/sp\/wp-json\/wp\/v2\/product\/53101","targetHints":{"allow":["GET"]}}],"collection":[{"href":"https:\/\/wfinderpro.com\/sp\/wp-json\/wp\/v2\/product"}],"about":[{"href":"https:\/\/wfinderpro.com\/sp\/wp-json\/wp\/v2\/types\/product"}],"wp:featuredmedia":[{"embeddable":true,"href":"https:\/\/wfinderpro.com\/sp\/wp-json\/wp\/v2\/media\/54219"}],"wp:attachment":[{"href":"https:\/\/wfinderpro.com\/sp\/wp-json\/wp\/v2\/media?parent=53101"}],"wp:term":[{"taxonomy":"product_brand","embeddable":true,"href":"https:\/\/wfinderpro.com\/sp\/wp-json\/wp\/v2\/product_brand?post=53101"},{"taxonomy":"product_cat","embeddable":true,"href":"https:\/\/wfinderpro.com\/sp\/wp-json\/wp\/v2\/product_cat?post=53101"},{"taxonomy":"product_tag","embeddable":true,"href":"https:\/\/wfinderpro.com\/sp\/wp-json\/wp\/v2\/product_tag?post=53101"}],"curies":[{"name":"wp","href":"https:\/\/api.w.org\/{rel}","templated":true}]}}