{"id":56946,"date":"2022-05-17T10:37:07","date_gmt":"2022-05-17T09:37:07","guid":{"rendered":"https:\/\/wfinderpro.com\/sp\/?page_id=56946"},"modified":"2022-05-17T10:37:07","modified_gmt":"2022-05-17T09:37:07","slug":"manual-virtual-box","status":"publish","type":"page","link":"https:\/\/wfinderpro.com\/sp\/manual-virtual-box\/","title":{"rendered":"Manual Virtual Box"},"content":{"rendered":"<div class=\"wpb-content-wrapper\"><p>[vc_row][vc_column][vc_column_text]<\/p>\n<h2 style=\"text-align: center;\">Virtual Box para usuarios Mac<\/h2>\n<p>[\/vc_column_text][\/vc_column][\/vc_row][vc_row][vc_column][vc_column_text]<\/p>\n<p style=\"text-align: center;\"><strong>Virtualbox es un programa de virtualizaci\u00f3n capaz de instalar en nuestro ordenador cualquier sistema operativo de forma \u201cvirtual\u201d.<\/strong><\/p>\n<p>[\/vc_column_text][\/vc_column][\/vc_row][vc_row][vc_column width=\u00bb2\/3&#8243;][vc_column_text]<\/p>\n<h2 style=\"text-align: center;\">Instalaci\u00f3n<\/h2>\n<p>Virtualbox es un programa de virtualizaci\u00f3n capaz de instalar en nuestro ordenador cualquier sistema operativo de forma \u201cvirtual\u201d.[\/vc_column_text][\/vc_column][vc_column width=\u00bb1\/3&#8243;][vc_single_image image=\u00bb56948&#8243; img_size=\u00bbmedium\u00bb][\/vc_column][\/vc_row][vc_row][vc_column width=\u00bb1\/4&#8243;][vc_single_image image=\u00bb56949&#8243; img_size=\u00bbmedium\u00bb][\/vc_column][vc_column width=\u00bb3\/4&#8243;][vc_column_text]2.<\/p>\n<p>Nos dar\u00e1 la <strong>bienvenida<\/strong> y nos informar\u00e1 de que si continuamos se instalara virtualbox en nuestro sistema.<\/p>\n<p>Pulsamos en \u201c<strong>next<\/strong>\u201d y en la siguiente pantalla deberemos elegir los componentes y la ruta donde lo instaremos:[\/vc_column_text][\/vc_column][\/vc_row][vc_row][vc_column width=\u00bb1\/4&#8243;][vc_single_image image=\u00bb56950&#8243; img_size=\u00bbmedium\u00bb][\/vc_column][vc_column width=\u00bb3\/4&#8243;][vc_column_text]3.<\/p>\n<p><strong>Seleccionaremos<\/strong> los <strong>accesos<\/strong> directos que queramos configurar:[\/vc_column_text][\/vc_column][\/vc_row][vc_row][vc_column width=\u00bb1\/4&#8243;][vc_single_image image=\u00bb56951&#8243; img_size=\u00bbmedium\u00bb][\/vc_column][vc_column width=\u00bb3\/4&#8243;][vc_column_text]4.<\/p>\n<p>En la siguiente pantalla se nos <strong>advertir\u00e1<\/strong> de que se van a <strong>copiar<\/strong> los archivos, se reiniciar\u00e1n las tarjetas de red y <strong>se instalara el programa<\/strong>.<\/p>\n<p>Pulsamos en <strong>install<\/strong> y <strong>esperaremos<\/strong> el final de la instalaci\u00f3n:[\/vc_column_text][\/vc_column][\/vc_row][vc_row][vc_column width=\u00bb1\/4&#8243;][vc_single_image image=\u00bb56952&#8243; img_size=\u00bbmedium\u00bb][\/vc_column][vc_column width=\u00bb3\/4&#8243;][vc_column_text]5.<\/p>\n<p>Una ventana como esta nos indica como va la instalaci\u00f3n, teniendo que esperar a que finalice:<\/p>\n<p>[\/vc_column_text][\/vc_column][\/vc_row][vc_row][vc_column width=\u00bb1\/4&#8243;][vc_single_image image=\u00bb56953&#8243; img_size=\u00bbmedium\u00bb][\/vc_column][vc_column width=\u00bb3\/4&#8243;][vc_column_text]6.<\/p>\n<p>Esta es la ventana que nos avisara que el programa se ha instalado correctamente en nuestro sistema y que ya esta listo para ser usado:<\/p>\n<p>[\/vc_column_text][\/vc_column][\/vc_row][vc_row][vc_column width=\u00bb2\/3&#8243;][vc_column_text]<\/p>\n<h2 style=\"text-align: center;\">Instalaci\u00f3n de un sistema operativo<\/h2>\n<p>El uso del programa es sencillo porque tiene un asistente que nos guiara en la instalaci\u00f3n de nuestro sistema virtual:[\/vc_column_text][\/vc_column][vc_column width=\u00bb1\/3&#8243;][vc_single_image image=\u00bb56954&#8243; img_size=\u00bbmedium\u00bb][\/vc_column][\/vc_row][vc_row][vc_column width=\u00bb1\/4&#8243;][vc_single_image image=\u00bb56955&#8243; img_size=\u00bbmedium\u00bb][\/vc_column][vc_column width=\u00bb3\/4&#8243;][vc_column_text]7.<\/p>\n<p>Para empezar pulsaremos en \u00ab<strong>nueva<\/strong>\u00bb y se nos abrir\u00e1 el asistente que nos guiara en la instalaci\u00f3n.\u00a0Ahora tendremos que dar un <strong>nombre al sistema<\/strong> que vamos a instalar y el sistema operativo que es y pulsamos en <strong>siguiente<\/strong> para continuar:<\/p>\n<p>[\/vc_column_text][\/vc_column][\/vc_row][vc_row][vc_column width=\u00bb1\/4&#8243;][vc_single_image image=\u00bb56956&#8243; img_size=\u00bbmedium\u00bb][\/vc_column][vc_column width=\u00bb3\/4&#8243;][vc_column_text]8.<\/p>\n<p>En la siguiente pantalla nos <strong>pedir\u00e1<\/strong> que <strong>asignemos<\/strong> la cantidad de memoria <strong>RAM<\/strong> que se asignara a la maquina virtual.\u00a0En nuestro caso dejamos el <strong>tama\u00f1o predefinido<\/strong>:<\/p>\n<p>[\/vc_column_text][\/vc_column][\/vc_row][vc_row][vc_column width=\u00bb1\/4&#8243;][vc_single_image image=\u00bb56957&#8243; img_size=\u00bbmedium\u00bb][\/vc_column][vc_column width=\u00bb3\/4&#8243;][vc_column_text]9.<\/p>\n<p>Seguimos con el asistente y ahora debemos <strong>crear el disco duro virtual<\/strong> (o utilizar uno ya existente):<\/p>\n<p>[\/vc_column_text][\/vc_column][\/vc_row][vc_row][vc_column width=\u00bb1\/4&#8243;][vc_single_image image=\u00bb56958&#8243; img_size=\u00bbmedium\u00bb][\/vc_column][vc_column width=\u00bb3\/4&#8243;][vc_column_text]10.<\/p>\n<p>Al pulsar en <strong>nuevo<\/strong> entraremos en un <strong>asistente<\/strong> que nos guiara los pasos como en la imagen que se muestra a continuaci\u00f3n:<\/p>\n<p>[\/vc_column_text][\/vc_column][\/vc_row][vc_row][vc_column width=\u00bb1\/4&#8243;][vc_single_image image=\u00bb56959&#8243; img_size=\u00bbmedium\u00bb][\/vc_column][vc_column width=\u00bb3\/4&#8243;][vc_column_text]11.<\/p>\n<p>Una vez relleno el asistente ya s\u00f3lo quedar\u00e1 <strong>guardar los cambios<\/strong> para volver a la pantalla anterior con los cambios hechos. Pulsamos en <strong>siguiente<\/strong> para continuar. Ya tendremos todo preparado en la siguiente pantalla pulsaremos en <strong>terminar<\/strong>.<\/p>\n<p>Ya hemos creado nuestra maquina virtual, esta ser\u00e1 la pantalla que nos mostrara:<\/p>\n<p>[\/vc_column_text][\/vc_column][\/vc_row][vc_row][vc_column width=\u00bb2\/3&#8243;][vc_column_text]<\/p>\n<h2>INSTALAR WINDOWS 7\/8.1\/10\u00a0EN NUESTRA MAQUINA VIRTUAL<\/h2>\n<p>Vamos a configurar nuestra unidad dvd donde pondremos el dvd del Windows a instalar. Para ello abrimos el men\u00fa de configuraci\u00f3n de la m\u00e1quina virtual y nos desplazamos hasta el men\u00fa que aparece en la pantalla:[\/vc_column_text][\/vc_column][vc_column width=\u00bb1\/3&#8243;][vc_single_image image=\u00bb56960&#8243; img_size=\u00bbmedium\u00bb][\/vc_column][\/vc_row][vc_row][vc_column][vc_column_text]En la pantalla que se nos abre <strong>seleccionaremos<\/strong> la letra de la <strong>unidad<\/strong> donde hemos cargado el disco o <strong>buscaremos<\/strong> una imagen <strong>ISO<\/strong> del mismo.<\/p>\n<p><strong>Guardamos<\/strong> los cambios y la m\u00e1quina virtual estar\u00e1 lista.<\/p>\n<p>Ahora pulsamos en <strong>iniciar<\/strong> y seguiremos el asistente de instalaci\u00f3n del sistema operativo como si se tratase de un ordenador f\u00edsico.[\/vc_column_text][\/vc_column][\/vc_row]<\/p>\n<\/div>","protected":false},"excerpt":{"rendered":"<p>[vc_row][vc_column][vc_column_text] Virtual Box para usuarios Mac [\/vc_column_text][\/vc_column][\/vc_row][vc_row][vc_column][vc_column_text] Virtualbox es un programa de virtualizaci\u00f3n capaz de instalar en nuestro ordenador cualquier sistema operativo de forma \u201cvirtual\u201d. [\/vc_column_text][\/vc_column][\/vc_row][vc_row][vc_column width=\u00bb2\/3&#8243;][vc_column_text] Instalaci\u00f3n Virtualbox es un programa de virtualizaci\u00f3n capaz de instalar en nuestro ordenador cualquier sistema operativo de forma \u201cvirtual\u201d.[\/vc_column_text][\/vc_column][vc_column width=\u00bb1\/3&#8243;][vc_single_image image=\u00bb56948&#8243; img_size=\u00bbmedium\u00bb][\/vc_column][\/vc_row][vc_row][vc_column width=\u00bb1\/4&#8243;][vc_single_image image=\u00bb56949&#8243; img_size=\u00bbmedium\u00bb][\/vc_column][vc_column width=\u00bb3\/4&#8243;][vc_column_text]2. Nos dar\u00e1&hellip;<\/p>\n","protected":false},"author":1,"featured_media":0,"parent":0,"menu_order":0,"comment_status":"closed","ping_status":"closed","template":"","meta":{"jetpack_post_was_ever_published":false,"footnotes":""},"class_list":["post-56946","page","type-page","status-publish","hentry","description-off"],"acf":[],"jetpack_shortlink":"https:\/\/wp.me\/P9XALL-eOu","jetpack_sharing_enabled":true,"_links":{"self":[{"href":"https:\/\/wfinderpro.com\/sp\/wp-json\/wp\/v2\/pages\/56946","targetHints":{"allow":["GET"]}}],"collection":[{"href":"https:\/\/wfinderpro.com\/sp\/wp-json\/wp\/v2\/pages"}],"about":[{"href":"https:\/\/wfinderpro.com\/sp\/wp-json\/wp\/v2\/types\/page"}],"author":[{"embeddable":true,"href":"https:\/\/wfinderpro.com\/sp\/wp-json\/wp\/v2\/users\/1"}],"replies":[{"embeddable":true,"href":"https:\/\/wfinderpro.com\/sp\/wp-json\/wp\/v2\/comments?post=56946"}],"version-history":[{"count":0,"href":"https:\/\/wfinderpro.com\/sp\/wp-json\/wp\/v2\/pages\/56946\/revisions"}],"wp:attachment":[{"href":"https:\/\/wfinderpro.com\/sp\/wp-json\/wp\/v2\/media?parent=56946"}],"curies":[{"name":"wp","href":"https:\/\/api.w.org\/{rel}","templated":true}]}}