{"id":54608,"date":"2019-06-11T11:38:44","date_gmt":"2019-06-11T10:38:44","guid":{"rendered":"https:\/\/wfinderpro.com\/sp\/?page_id=54608"},"modified":"2023-02-15T18:08:59","modified_gmt":"2023-02-15T17:08:59","slug":"drivers-para-windows","status":"publish","type":"page","link":"https:\/\/wfinderpro.com\/sp\/instrucciones-wfinder-pro\/drivers-para-windows\/","title":{"rendered":"Drivers para Windows"},"content":{"rendered":"<div class=\"wpb-content-wrapper\"><p>[vc_row type=\u00bbvc_default\u00bb margin_top=\u00bb-5&#8243; margin_bottom=\u00bb100&#8243; css=\u00bb.vc_custom_1482762845154{padding-bottom: 80px !important;}\u00bb][vc_column][vc_empty_space height=\u00bb30px\u00bb][vc_column_text]<\/p>\n<div>\n<p><b>INSTALACI\u00d3N DE LOS CONTROLADORES O DRIVERS USB.<\/b><\/p>\n<\/div>\n<ul>\n<li>Antes de conectar el cable usb al ordenador, es necesario instalar el driver correspondiente al sistema operativo que utilice. La actualizaci\u00f3n debe realizarse en un ordenador con sistema Windows, preferentemente en sus versiones 7, 8 o 10.<\/li>\n<li>Para una correcta instalaci\u00f3n del driver USB<b>, <\/b>utilice los m\u00e9todos siguientes con objeto de determinar qu\u00e9 versi\u00f3n de Windows est\u00e1 instalada y as\u00ed poder instalar los drivers apropiados para el sistema operativo que est\u00e9 ejecutando (32 bits o de 64 bits).<\/li>\n<\/ul>\n<p>[\/vc_column_text][\/vc_column][\/vc_row][vc_row type=\u00bbvc_default\u00bb margin_top=\u00bb-5&#8243; margin_bottom=\u00bb100&#8243; css=\u00bb.vc_custom_1482762845154{padding-bottom: 80px !important;}\u00bb][vc_column][vc_text_separator title=\u00bbWindows 11&#8243; color=\u00bbturquoise\u00bb border_width=\u00bb3&#8243;][vc_column_text]Windows 11 solo est\u00e1 desarrollado para versiones 64 bits.<\/p>\n<p><a href=\"https:\/\/wfinderpro.com\/dw\/drivers\/win11\/dedsp-win11-setup.exe\"><img loading=\"lazy\" decoding=\"async\" class=\"alignnone wp-image-56994 size-medium\" src=\"https:\/\/wfinderpro.com\/sp\/wp-content\/uploads\/2022\/07\/Windows-11-PNG-300x121.png\" alt=\"\" width=\"300\" height=\"121\" srcset=\"https:\/\/wfinderpro.com\/sp\/wp-content\/uploads\/2022\/07\/Windows-11-PNG-300x121.png 300w, https:\/\/wfinderpro.com\/sp\/wp-content\/uploads\/2022\/07\/Windows-11-PNG-1024x414.png 1024w, https:\/\/wfinderpro.com\/sp\/wp-content\/uploads\/2022\/07\/Windows-11-PNG-768x310.png 768w, https:\/\/wfinderpro.com\/sp\/wp-content\/uploads\/2022\/07\/Windows-11-PNG-1536x621.png 1536w, https:\/\/wfinderpro.com\/sp\/wp-content\/uploads\/2022\/07\/Windows-11-PNG-2048x828.png 2048w, https:\/\/wfinderpro.com\/sp\/wp-content\/uploads\/2022\/07\/Windows-11-PNG-600x242.png 600w\" sizes=\"auto, (max-width: 300px) 100vw, 300px\" \/><\/a>[\/vc_column_text][\/vc_column][\/vc_row][vc_row type=\u00bbvc_default\u00bb margin_top=\u00bb-5&#8243; margin_bottom=\u00bb100&#8243; css=\u00bb.vc_custom_1482762845154{padding-bottom: 80px !important;}\u00bb][vc_column][vc_text_separator title=\u00bbWindows 10&#8243; color=\u00bbturquoise\u00bb border_width=\u00bb3&#8243;][vc_column_text]<\/p>\n<ol>\n<li>Pulse a la vez la tecla de Windows <img loading=\"lazy\" decoding=\"async\" src=\"https:\/\/www.kermesgps.com\/eu\/esp\/images\/kermes\/logos\/iniwin10.png\" alt=\"iniwin10\" width=\"21\" height=\"15\" \/><b>\u00a0<\/b><i>\u00a0<\/i>\u00a0y la \u00abX\u00bb.<\/li>\n<li>El el desplegable que aparece pulse sobre \u00abSistema\u00bb.<\/li>\n<li>En los datos que aparecen en la pantalla, dentro del apartado \u00abSistema\u00bb encontrar\u00e1 la l\u00ednea que indica \u00abTipo de sistema\u00bb.<\/li>\n<li>Seguido aparecer\u00e1, en el caso de ser un sistema de 64 bits como ejemplo \u00a0\u00abSistema operativo de\u00a064 bits, procesador x64\u00bb.<\/li>\n<li>En la parte inferior de esta p\u00e1gina puede acceder a la descarga de la actualizaci\u00f3n.<\/li>\n<\/ol>\n<p><a href=\"https:\/\/wfinderpro.com\/dw\/drivers\/win10\/dedsp-win10_x86-setup.exe\"><img loading=\"lazy\" decoding=\"async\" class=\"alignnone size-full wp-image-54617\" src=\"https:\/\/wfinderpro.com\/sp\/wp-content\/uploads\/2019\/06\/dw10_32.png\" alt=\"\" width=\"198\" height=\"113\" \/><\/a><a href=\"https:\/\/wfinderpro.com\/dw\/drivers\/win10\/dedsp-win10_x64-setup.exe\"><img loading=\"lazy\" decoding=\"async\" class=\"alignnone size-full wp-image-54618\" src=\"https:\/\/wfinderpro.com\/sp\/wp-content\/uploads\/2019\/06\/dw10_64.png\" alt=\"\" width=\"198\" height=\"113\" \/><\/a>[\/vc_column_text][\/vc_column][\/vc_row][vc_row type=\u00bbvc_default\u00bb margin_top=\u00bb-5&#8243; margin_bottom=\u00bb100&#8243; css=\u00bb.vc_custom_1482762845154{padding-bottom: 80px !important;}\u00bb][vc_column][vc_text_separator title=\u00bbWindows 8.1 \/ RT 8.1&#8243; color=\u00bbturquoise\u00bb border_width=\u00bb3&#8243;][vc_column_text]<\/p>\n<ol>\n<li>Deslice el\u00a0punteo r\u00e1pidamente desde\u00a0al borde derecho de la pantalla, pulse <b>Configuraci\u00f3n<\/b> y despu\u00e9s pulse <b>Cambiar configuraci\u00f3n de PC<\/b>.<br \/>\n(Si usa un rat\u00f3n, se\u00f1ale el extremo inferior derecho de la pantalla, mueva el puntero del rat\u00f3n hacia arriba, haga clic en <b>Configuraci\u00f3n<\/b> y, a continuaci\u00f3n, haga clic en <b>Cambiar configuraci\u00f3n de PC<\/b>).<\/li>\n<li>Pulse o haga clic en <b>PC<\/b> y dispositivos y despu\u00e9s pulse o haga clic en Informaci\u00f3n de PC.<\/li>\n<li>En Edici\u00f3n de <b>Windows<\/b> encontrar\u00e1 la versi\u00f3n y la edici\u00f3n de Windows que ejecuta su PC.<\/li>\n<li>Busque en <b>PC<\/b> <b>Tipo de sistema<\/b> para ver si est\u00e1 ejecutando una versi\u00f3n de Windows de 32\u00a0bits o de 64\u00a0bits.<\/li>\n<li>En la parte inferior de esta p\u00e1gina puede acceder a la descarga de la actualizaci\u00f3n.<\/li>\n<\/ol>\n<p><a href=\"https:\/\/wfinderpro.com\/dw\/drivers\/win8\/dedsp-win8_x86-setup.exe\"><img loading=\"lazy\" decoding=\"async\" class=\"alignnone size-full wp-image-54615\" src=\"https:\/\/wfinderpro.com\/sp\/wp-content\/uploads\/2019\/06\/dw8_32.png\" alt=\"\" width=\"198\" height=\"113\" \/><\/a><a href=\"https:\/\/wfinderpro.com\/dw\/drivers\/win8\/dedsp-win8_x64-setup.exe\"><img loading=\"lazy\" decoding=\"async\" class=\"alignnone size-full wp-image-54616\" src=\"https:\/\/wfinderpro.com\/sp\/wp-content\/uploads\/2019\/06\/dw8_64.png\" alt=\"\" width=\"198\" height=\"113\" \/><\/a>[\/vc_column_text][\/vc_column][\/vc_row][vc_row type=\u00bbvc_default\u00bb margin_top=\u00bb-5&#8243; margin_bottom=\u00bb100&#8243; css=\u00bb.vc_custom_1482762845154{padding-bottom: 80px !important;}\u00bb][vc_column][vc_text_separator title=\u00bbWindows 7&#8243; color=\u00bbturquoise\u00bb border_width=\u00bb3&#8243;][vc_column_text]<\/p>\n<ol>\n<li>Haga clic en el bot\u00f3n <strong>Inicio <\/strong><img loading=\"lazy\" decoding=\"async\" src=\"https:\/\/www.kermesgps.com\/eu\/esp\/images\/kermes\/logos\/iniwin7.png\" alt=\"iniwin7\" width=\"15\" height=\"15\" \/>,\u00a0haga clic con el bot\u00f3n derecho en <b>Equipo<\/b>, y \u00a0a continuaci\u00f3n haga clic en <b>Propiedades<\/b>.<\/li>\n<li>En los datos que aparecen en la pantalla, dentro del apartado \u00abSistema\u00bb encontrar\u00e1 la l\u00ednea que le indica \u00abTipo de sistema\u00bb.<\/li>\n<li>Seguido aparecer\u00e1, en el caso de ser un sistema de 64 bits como ejemplo \u00a0\u00abSistema operativo de\u00a064 bits, procesador de x64\u00bb<b><\/b>.<\/li>\n<li>En la parte inferior de esta p\u00e1gina puede acceder a la descarga de la actualizaci\u00f3n.<\/li>\n<\/ol>\n<p><a href=\"https:\/\/wfinderpro.com\/dw\/drivers\/win7\/dedsp-win7_x86-setup.exe\"><img loading=\"lazy\" decoding=\"async\" class=\"alignnone size-full wp-image-54613\" src=\"https:\/\/wfinderpro.com\/sp\/wp-content\/uploads\/2019\/06\/dw7_32.png\" alt=\"\" width=\"198\" height=\"113\" \/><\/a><a href=\"https:\/\/wfinderpro.com\/dw\/drivers\/win7\/dedsp-win7_x64-setup.exe\"><img loading=\"lazy\" decoding=\"async\" class=\"alignnone size-full wp-image-54614\" src=\"https:\/\/wfinderpro.com\/sp\/wp-content\/uploads\/2019\/06\/dw7_64.png\" alt=\"\" width=\"198\" height=\"113\" \/><\/a>[\/vc_column_text][\/vc_column][\/vc_row][vc_row type=\u00bbvc_default\u00bb margin_top=\u00bb-5&#8243; margin_bottom=\u00bb100&#8243; css=\u00bb.vc_custom_1482762845154{padding-bottom: 80px !important;}\u00bb][vc_column][vc_text_separator title=\u00bbWindows Vista\u00bb color=\u00bbturquoise\u00bb border_width=\u00bb3&#8243;][vc_column_text]<\/p>\n<ol>\n<li>Haga clic en el bot\u00f3n <strong>Inicio <\/strong><img loading=\"lazy\" decoding=\"async\" src=\"https:\/\/www.kermesgps.com\/eu\/esp\/images\/kermes\/logos\/iniwin7.png\" alt=\"iniwin7\" width=\"15\" height=\"15\" \/>,\u00a0haga clic con el bot\u00f3n derecho en <b>Equipo<\/b>, y \u00a0a continuaci\u00f3n, haga clic en <b>Propiedades<\/b>.<\/li>\n<li>En los datos que aparecen en la pantalla, dentro del apartado \u00abSistema\u00bb encontrar\u00e1 la l\u00ednea que le indica \u00abTipo de sistema\u00bb.<\/li>\n<li>Seguido aparecer\u00e1, en el caso de ser un sistema de 64 bits como ejemplo \u00a0\u00abSistema operativo de\u00a064 bits, procesador de x64\u00bb<b><\/b>.<\/li>\n<li>En la parte inferior de esta p\u00e1gina puede acceder a la descarga de la actualizaci\u00f3n.<\/li>\n<\/ol>\n<p><a href=\"https:\/\/wfinderpro.com\/dw\/drivers\/vista\/dedsp-vista_x86-setup.exe\"><img loading=\"lazy\" decoding=\"async\" class=\"alignnone size-full wp-image-54619\" src=\"https:\/\/wfinderpro.com\/sp\/wp-content\/uploads\/2019\/06\/dwVista_32.png\" alt=\"\" width=\"198\" height=\"113\" \/><\/a><a href=\"https:\/\/wfinderpro.com\/dw\/drivers\/vista\/dedsp-vista_x64-setup.exe\"><img loading=\"lazy\" decoding=\"async\" class=\"alignnone size-full wp-image-54611\" src=\"https:\/\/wfinderpro.com\/sp\/wp-content\/uploads\/2019\/06\/dwVista_64.png\" alt=\"\" width=\"198\" height=\"113\" \/><\/a>[\/vc_column_text][\/vc_column][\/vc_row][vc_row type=\u00bbvc_default\u00bb margin_top=\u00bb-5&#8243; margin_bottom=\u00bb100&#8243; css=\u00bb.vc_custom_1482762845154{padding-bottom: 80px !important;}\u00bb][vc_column][vc_text_separator title=\u00bbWindows XP &amp; 2000&#8243; color=\u00bbturquoise\u00bb border_width=\u00bb3&#8243;][vc_column_text]<\/p>\n<ol>\n<li>Ejecute el archivo siguiente.<\/li>\n<\/ol>\n<p><a href=\"https:\/\/wfinderpro.com\/dw\/drivers\/2000_xp\/dedsp-win2k_xp-setup.exe\"><img loading=\"lazy\" decoding=\"async\" class=\"alignnone size-full wp-image-54612\" src=\"https:\/\/wfinderpro.com\/sp\/wp-content\/uploads\/2019\/06\/dwxp_2000.png\" alt=\"\" width=\"198\" height=\"113\" \/><\/a>[\/vc_column_text][\/vc_column][\/vc_row][vc_row][vc_column][vc_text_separator title=\u00bbDATOS T\u00c9CNICOS\u00bb color=\u00bbvista_blue\u00bb border_width=\u00bb3&#8243;][\/vc_column][\/vc_row][vc_row][vc_column width=\u00bb1\/2&#8243;][vc_empty_space][vc_column_text css=\u00bb.vc_custom_1560248639234{padding-bottom: 30px !important;}\u00bb]<\/p>\n<h3><span style=\"display: inline !important; float: none; background-color: transparent; color: #333333; font-family: 'Roboto',Helvetica,Arial,Verdana,sans-serif; font-size: 24px; font-size-adjust: none; font-stretch: 100%; font-style: normal; font-variant: normal; font-weight: bold; letter-spacing: normal; line-height: 34px; orphans: 2; text-align: left; text-decoration: none; text-indent: 0px; text-transform: none; -webkit-text-stroke-width: 0px; white-space: normal; word-spacing: 0px;\">Dise\u00f1ado para Windows \u00a9.<\/span><\/h3>\n<p>[\/vc_column_text][vc_column_text]<q class=\"h4-size shortcode-pullquote wf-cell align-right wf-1-4\"><p>Puede usar un emulador.<\/p>\n<\/q><\/p>\n<p>Para otros sistemas operativos existen en el mercado emuladores de Windows. Han sido probador y puede actualizar su dispositivo normalmente.<\/p>\n<p>No damos soporte para programas no desarrollados por nuestra empresa.[\/vc_column_text][\/vc_column][vc_column width=\u00bb1\/2&#8243;][\/vc_column][\/vc_row][vc_row type=\u00bbvc_default\u00bb margin_top=\u00bb-5&#8243; margin_bottom=\u00bb100&#8243; css=\u00bb.vc_custom_1482762845154{padding-bottom: 80px !important;}\u00bb][vc_column][vc_text_separator title=\u00bbMac\u00bb color=\u00bbturquoise\u00bb border_width=\u00bb3&#8243;][vc_column_text]Dado que nuestros dispositivos est\u00e1n dise\u00f1ados para PC, los usuarios de Macintosh tienen disponibles dos recomendaciones:<\/p>\n<p style=\"padding-left: 40px;\"><b>Opci\u00f3n de pago <\/b>(externo a nosotros) como <a href=\"https:\/\/www.parallels.com\/es\/products\/desktop\/?gclid=CjwKCAjw8r_XBRBkEiwAjWGLlLY4h0qdPolHTkrUkwnM8t0BT9559sysersE4IF1e8jUXYWm2uMSZhoCtOQQAvD_BwE\" target=\"_blank\" rel=\"noopener\"><b>Parallels Desktop para Mac<\/b><\/a>, con el que podr\u00e1 actualizar nuestros dispositivos de manera sencilla.<\/p>\n<p><img loading=\"lazy\" decoding=\"async\" class=\"aligncenter wp-image-56998 size-thumbnail\" src=\"https:\/\/wfinderpro.com\/sp\/wp-content\/uploads\/2022\/07\/PDFM-icon-150x150.png\" alt=\"\" width=\"150\" height=\"150\" srcset=\"https:\/\/wfinderpro.com\/sp\/wp-content\/uploads\/2022\/07\/PDFM-icon-150x150.png 150w, https:\/\/wfinderpro.com\/sp\/wp-content\/uploads\/2022\/07\/PDFM-icon-200x200.png 200w\" sizes=\"auto, (max-width: 150px) 100vw, 150px\" \/>[\/vc_column_text][vc_column_text]<\/p>\n<p style=\"padding-left: 40px;\"><strong>Opci\u00f3n gratuita<\/strong>. Pueden usar el sistema <a href=\"https:\/\/www.virtualbox.org\/wiki\/Downloads\" target=\"_blank\" rel=\"noopener\"><strong>VBOX<\/strong><\/a>, aplicaci\u00f3n que permite virtualizar cualquier sistema operaivo Windows (REQUIERE DISPONER DE UN DISCO DE WINDOWS). Debe descargar VirtualBox x.x.xx platform packages, elegir <strong>OS X\u00a0hosts<\/strong> y disponer de un disco de Windows.<\/p>\n<p>[\/vc_column_text][\/vc_column][\/vc_row][vc_row][vc_column][vc_separator color=\u00bbturquoise\u00bb][\/vc_column][\/vc_row][vc_row][vc_column][vc_message message_box_style=\u00bbsolid-icon\u00bb message_box_color=\u00bbblue\u00bb icon_fontawesome=\u00bbfa fa-microchip\u00bb css=\u00bb.vc_custom_1560249048233{border-radius: 5px !important;}\u00bb]<\/p>\n<h2 style=\"text-align: center;\">PROGRAMACI\u00d3N<\/h2>\n<p style=\"text-align: center;\">Recuerde instalar el driver ANTES de conectar el dispositivo.<\/p>\n<p style=\"text-align: center;\">Aseg\u00farese de instalar el driver correspondiente a su sistema operativo.<\/p>\n<p style=\"text-align: center;\">Use el cable suministrado con el equipo a fin de reducir posibles errores.<\/p>\n<p style=\"text-align: center;\">Mantenga su dispositivo actualizado para obtener el mejor rendimiento.<\/p>\n<p>[\/vc_message][\/vc_column][\/vc_row]<\/p>\n<\/div>","protected":false},"excerpt":{"rendered":"<p>[vc_row type=\u00bbvc_default\u00bb margin_top=\u00bb-5&#8243; margin_bottom=\u00bb100&#8243; css=\u00bb.vc_custom_1482762845154{padding-bottom: 80px !important;}\u00bb][vc_column][vc_empty_space height=\u00bb30px\u00bb][vc_column_text] INSTALACI\u00d3N DE LOS CONTROLADORES O DRIVERS USB. Antes de conectar el cable usb al ordenador, es necesario instalar el driver correspondiente al sistema operativo que utilice. La actualizaci\u00f3n debe realizarse en un ordenador con sistema Windows, preferentemente en sus versiones 7, 8 o 10. Para una correcta&hellip;<\/p>\n","protected":false},"author":2,"featured_media":0,"parent":54252,"menu_order":440,"comment_status":"closed","ping_status":"closed","template":"","meta":{"jetpack_post_was_ever_published":false,"footnotes":""},"class_list":["post-54608","page","type-page","status-publish","hentry","description-off"],"acf":[],"jetpack_shortlink":"https:\/\/wp.me\/P9XALL-ecM","jetpack_sharing_enabled":true,"_links":{"self":[{"href":"https:\/\/wfinderpro.com\/sp\/wp-json\/wp\/v2\/pages\/54608","targetHints":{"allow":["GET"]}}],"collection":[{"href":"https:\/\/wfinderpro.com\/sp\/wp-json\/wp\/v2\/pages"}],"about":[{"href":"https:\/\/wfinderpro.com\/sp\/wp-json\/wp\/v2\/types\/page"}],"author":[{"embeddable":true,"href":"https:\/\/wfinderpro.com\/sp\/wp-json\/wp\/v2\/users\/2"}],"replies":[{"embeddable":true,"href":"https:\/\/wfinderpro.com\/sp\/wp-json\/wp\/v2\/comments?post=54608"}],"version-history":[{"count":0,"href":"https:\/\/wfinderpro.com\/sp\/wp-json\/wp\/v2\/pages\/54608\/revisions"}],"up":[{"embeddable":true,"href":"https:\/\/wfinderpro.com\/sp\/wp-json\/wp\/v2\/pages\/54252"}],"wp:attachment":[{"href":"https:\/\/wfinderpro.com\/sp\/wp-json\/wp\/v2\/media?parent=54608"}],"curies":[{"name":"wp","href":"https:\/\/api.w.org\/{rel}","templated":true}]}}