{"id":54602,"date":"2019-06-11T11:01:51","date_gmt":"2019-06-11T10:01:51","guid":{"rendered":"https:\/\/wfinderpro.com\/sp\/?page_id=54602"},"modified":"2026-04-17T08:40:10","modified_gmt":"2026-04-17T07:40:10","slug":"actualizardsp","status":"publish","type":"page","link":"https:\/\/wfinderpro.com\/sp\/instrucciones-wfinder-pro\/actualizardsp\/","title":{"rendered":"Actualizaci\u00f3n del W-Finder Pro Eclipse DSP"},"content":{"rendered":"<div class=\"wpb-content-wrapper\"><p>[vc_row][vc_column][vc_column_text]<\/p>\n<h2 style=\"text-align: center;\"><strong>Actualizar W-Finder Pro Eclipse DSP<\/strong><\/h2>\n<p>[\/vc_column_text][vc_message message_box_color=\u00bbgreen\u00bb icon_fontawesome=\u00bb\u00bb css=\u00bb\u00bb]<\/p>\n<h3 class=\"title36 fontosw font-600 black-000 text-uppercase\" style=\"text-align: center;\">VERSI\u00d3N de la base de datos disponible<\/h3>\n<h3 class=\"title36 fontosw font-600 black-000 text-uppercase\" style=\"text-align: center;\">7043 \u2013 17 ABRIL 2026<\/h3>\n<p>[\/vc_message][\/vc_column][\/vc_row][vc_row][vc_column][vc_message message_box_color=\u00bbturquoise\u00bb icon_fontawesome=\u00bbfas fa-envelope\u00bb]<\/p>\n<p style=\"text-align: center;\">Puede darse de alta para que le enviemos un <strong>correo electr\u00f3nico cuando tenga disponible una actualizaci\u00f3n<\/strong> para su equipo.<\/p>\n<p style=\"text-align: center;\">(tanto de la base de datos como del firmware)<\/p>\n<p>[\/vc_message][\/vc_column][\/vc_row][vc_row][vc_column][vc_btn title=\u00bbAviso actualizaciones\u00bb color=\u00bbwarning\u00bb align=\u00bbcenter\u00bb i_icon_fontawesome=\u00bbfas fa-envelope\u00bb add_icon=\u00bbtrue\u00bb link=\u00bburl:https%3A%2F%2Fwfinderpro.com%2Fsp%2Fboletines%2F|title:boletines|rel:nofollow\u00bb][\/vc_column][\/vc_row][vc_row type=\u00bbvc_default\u00bb margin_top=\u00bb-5&#8243; margin_bottom=\u00bb100&#8243; css=\u00bb.vc_custom_1482762845154{padding-bottom: 80px !important;}\u00bb][vc_column][vc_empty_space height=\u00bb30px\u00bb][vc_column_text css=\u00bb\u00bb]<\/p>\n<p style=\"text-align: center;\">En esta secci\u00f3n le orientaremos en la<strong> instalaci\u00f3n del actualizador<\/strong> para su <strong>W-Finder Pro Eclipse DSP<\/strong>.<\/p>\n<p style=\"text-align: center;\">Este actualizador est\u00e1 dise\u00f1ado para equipos PC con sistema operativo <strong>Windows<\/strong> \u00a9.<\/p>\n<p style=\"text-align: center;\">Siga las siguientes instrucciones:<\/p>\n<p>[\/vc_column_text][vc_separator color=\u00bbblue\u00bb][\/vc_column][\/vc_row][vc_column][\/vc_column][vc_row][vc_column width=\u00bb1\/2&#8243;][vc_column_text css=\u00bb.vc_custom_1560247587503{padding-bottom: 30px !important;}\u00bb]<\/p>\n<h3>1\u00ba Instalaci\u00f3n del driver.<\/h3>\n<p>[\/vc_column_text][vc_column_text]Si es la primera vez que va a actualizar su localizador, o va a hacerlo en un nuevo ordenador, <strong>NO CONECTE TODAV\u00cdA EL CABLE DE USB<\/strong>. De lo contrario se producir\u00e1 un error al intentar actualizar.<\/p>\n<p>Obtenga primero el driver necesario pulsando sobre el icono de Windows y seleccionando su sistema operativo<\/p>\n<p style=\"text-align: center;\"><a href=\"https:\/\/wfinderpro.com\/sp\/instrucciones\/drivers-para-windows\/\" target=\"_blank\" rel=\"noopener noreferrer\"><img loading=\"lazy\" decoding=\"async\" class=\"size-full wp-image-54605 aligncenter\" src=\"https:\/\/wfinderpro.com\/sp\/wp-content\/uploads\/2019\/06\/driver_windows_on.png\" alt=\"\" width=\"216\" height=\"69\" \/><\/a><span style=\"color: #008000;\"><strong>SOLO ES NECESARIO INSTALARLO LA PRIMERA VEZ QUE LO USE EN UN NUEVO ORDENADOR<\/strong><\/span><\/p>\n<p>[\/vc_column_text][\/vc_column][vc_column width=\u00bb1\/2&#8243;][vc_single_image image=\u00bb53814&#8243; img_size=\u00bbfull\u00bb][\/vc_column][\/vc_row][vc_row][vc_column width=\u00bb1\/2&#8243;][vc_single_image image=\u00bb53810&#8243; img_size=\u00bbfull\u00bb alignment=\u00bbright\u00bb][\/vc_column][vc_column width=\u00bb1\/2&#8243;][vc_column_text css=\u00bb.vc_custom_1560247883323{padding-bottom: 30px !important;}\u00bb]<\/p>\n<h3>2\u00ba Instalaci\u00f3n del programa actualizador.<\/h3>\n<p>[\/vc_column_text][vc_column_text]<\/p>\n<ol>\n<li><span style=\"color: #008000;\"><strong>El programa de actualizaci\u00f3n debe instalarse una \u00fanica vez<\/strong>.<\/span> Cada vez que necesite actualizar su W-Finder Pro Eclipse DSP, debe ejecutar dicho programa y actualizar\u00e1 autom\u00e1ticamente su dispositivo con la \u00faltima versi\u00f3n de la base de datos.<\/li>\n<li>Para su instalaci\u00f3n, el archivo de instalaci\u00f3n \u00abEclipseDSP.sfx.exe\u00bb <strong>crear\u00e1 una carpeta<\/strong> (recomendado en el escritorio) en el disco duro de su ordenador, desde el enlace situado pulsando en el bot\u00f3n \u00abDESCARGAR ACTUALIZADOR\u00bb. Esta carpeta no debe borrarla.<\/li>\n<li>Puede que su sistema de <strong>antivirus<\/strong> bloquee la instalaci\u00f3n, por lo que <strong>recomendamos desactivarlo<\/strong> durante el proceso.<\/li>\n<li>Se crear\u00e1 una carpeta, y el archivo ejecutable debe ser usado SIEMPRE desde esa misma carpeta (<strong>no crear accesos directos<\/strong>).<\/li>\n<li>Para actualizar su W-Finder Pro Eclipse DSP, primero debe asegurarse de haber instalado <strong>previamente el driver<\/strong> correspondiente a su sistema operativo.<\/li>\n<li>Una vez conectado (<strong>con el veh\u00edculo apagado<\/strong>, sin alimentaci\u00f3n) puede ejecutar el archivo <i>\u201cEclipse DSP.exe\u201d<\/i> para abrir el programa de actualizaci\u00f3n. Cada vez que abra dicho programa, \u00e9ste se conectar\u00e1 con nuestro servidor y al hacer <i>click<\/i> en el bot\u00f3n <i>\u201cActualizar\u201d<\/i>, <strong>descargar\u00e1 la \u00faltima actualizaci\u00f3n disponible<\/strong>.<\/li>\n<li>Una vez finalizado, en la parte inferior del programa de actualizaci\u00f3n, aparecer\u00e1 el mensaje<i> \u201cLa actualizaci\u00f3n del dispositivo se ha completado con \u00e9xito\u201d.<\/i><\/li>\n<li>Ya puede desconectar su W-Finder Pro Eclipse DSP y disfrutar de una nueva actualizaci\u00f3n.<\/li>\n<\/ol>\n<p>[\/vc_column_text][vc_btn title=\u00bbDESCARGAR ACTUALIZADOR\u00bb color=\u00bbdanger\u00bb align=\u00bbcenter\u00bb i_icon_fontawesome=\u00bb\u00bb css=\u00bb\u00bb button_block=\u00bbtrue\u00bb add_icon=\u00bbtrue\u00bb link=\u00bburl:https%3A%2F%2Fwfinderpro.com%2Fdw%2FActualizar%20Eclipse%20DSP.rar|title:Descargue%20el%20actualizador\u00bb][\/vc_column][\/vc_row][vc_row][vc_column][vc_message]En caso de aparecer el texto \u00ab<span style=\"color: #ff0000;\"><strong>Archivo no descargado. Riesgo potencial de seguirdad<\/strong><\/span>\u00bb pulse \u00abMostrar m\u00e1s informaci\u00f3n\u00bb y \u00abPermitir descarga\u00bb.<\/p>\n<p><img loading=\"lazy\" decoding=\"async\" class=\"size-medium wp-image-56942 aligncenter\" src=\"https:\/\/wfinderpro.com\/sp\/wp-content\/uploads\/2022\/05\/riesgo1-300x39.jpg\" alt=\"\" width=\"300\" height=\"39\" srcset=\"https:\/\/wfinderpro.com\/sp\/wp-content\/uploads\/2022\/05\/riesgo1-300x39.jpg 300w, https:\/\/wfinderpro.com\/sp\/wp-content\/uploads\/2022\/05\/riesgo1.jpg 438w\" sizes=\"auto, (max-width: 300px) 100vw, 300px\" \/><img loading=\"lazy\" decoding=\"async\" class=\"size-medium wp-image-56944 aligncenter\" src=\"https:\/\/wfinderpro.com\/sp\/wp-content\/uploads\/2022\/05\/riesgo2-300x39.jpg\" alt=\"\" width=\"300\" height=\"39\" srcset=\"https:\/\/wfinderpro.com\/sp\/wp-content\/uploads\/2022\/05\/riesgo2-300x39.jpg 300w, https:\/\/wfinderpro.com\/sp\/wp-content\/uploads\/2022\/05\/riesgo2.jpg 438w\" sizes=\"auto, (max-width: 300px) 100vw, 300px\" \/><img loading=\"lazy\" decoding=\"async\" class=\"size-medium wp-image-56943 aligncenter\" src=\"https:\/\/wfinderpro.com\/sp\/wp-content\/uploads\/2022\/05\/riesgo3-300x172.jpg\" alt=\"\" width=\"300\" height=\"172\" srcset=\"https:\/\/wfinderpro.com\/sp\/wp-content\/uploads\/2022\/05\/riesgo3-300x172.jpg 300w, https:\/\/wfinderpro.com\/sp\/wp-content\/uploads\/2022\/05\/riesgo3.jpg 439w\" sizes=\"auto, (max-width: 300px) 100vw, 300px\" \/>[\/vc_message][\/vc_column][\/vc_row][vc_row][vc_column][vc_text_separator title=\u00bbDATOS T\u00c9CNICOS\u00bb color=\u00bbturquoise\u00bb border_width=\u00bb3&#8243;][\/vc_column][\/vc_row][vc_row][vc_column width=\u00bb1\/2&#8243;][vc_empty_space][vc_column_text css=\u00bb.vc_custom_1560248639234{padding-bottom: 30px !important;}\u00bb]<\/p>\n<h3><span style=\"display: inline !important; float: none; background-color: transparent; color: #333333; font-family: 'Roboto',Helvetica,Arial,Verdana,sans-serif; font-size: 24px; font-size-adjust: none; font-stretch: 100%; font-style: normal; font-variant: normal; font-weight: bold; letter-spacing: normal; line-height: 34px; orphans: 2; text-align: left; text-decoration: none; text-indent: 0px; text-transform: none; -webkit-text-stroke-width: 0px; white-space: normal; word-spacing: 0px;\">Dise\u00f1ado para Windows \u00a9.<\/span><\/h3>\n<p>[\/vc_column_text][vc_column_text]<q class=\"h4-size shortcode-pullquote wf-cell align-right wf-1-4\"><p>Puede usar un emulador.<\/p>\n<\/q><\/p>\n<p>Para otros sistemas operativos existen en el mercado emuladores de Windows. Han sido probados y puede actualizar su dispositivo normalmente.<\/p>\n<p>No damos soporte para programas no desarrollados por nuestra empresa.[\/vc_column_text][\/vc_column][vc_column width=\u00bb1\/2&#8243;][vc_empty_space][vc_column_text css=\u00bb.vc_custom_1652778959657{padding-bottom: 30px !important;}\u00bb]<\/p>\n<h6><span style=\"display: inline !important; float: none; background-color: transparent; color: #333333; font-family: 'Roboto',Helvetica,Arial,Verdana,sans-serif; font-size: 24px; font-size-adjust: none; font-stretch: 100%; font-style: normal; font-variant: normal; font-weight: bold; letter-spacing: normal; line-height: 34px; orphans: 2; text-align: left; text-decoration: none; text-indent: 0px; text-transform: none; -webkit-text-stroke-width: 0px; white-space: normal; word-spacing: 0px;\">Usuarios Mac \u00a9.<\/span><\/h6>\n<p>[\/vc_column_text][vc_column_text]Dispone de tres opciones de ejemplo:<\/p>\n<hr \/>\n<ul>\n<li><b>Opci\u00f3n de pago (externo a nosotros) como<\/b> <a href=\"https:\/\/www.parallels.com\/es\/products\/desktop\/?gclid=CjwKCAjw8r_XBRBkEiwAjWGLlLY4h0qdPolHTkrUkwnM8t0BT9559sysersE4IF1e8jUXYWm2uMSZhoCtOQQAvD_BwE\" target=\"_blank\" rel=\"noopener\"><b>Parallels Desktop para Mac<\/b><\/a> con el que podr\u00e1 actualizar nuestros dispositivos de manera sencilla:<\/li>\n<\/ul>\n<p><a href=\"https:\/\/www.parallels.com\/es\/products\/desktop\/?gclid=CjwKCAjw8r_XBRBkEiwAjWGLlLY4h0qdPolHTkrUkwnM8t0BT9559sysersE4IF1e8jUXYWm2uMSZhoCtOQQAvD_BwE\"><img loading=\"lazy\" decoding=\"async\" class=\"aligncenter wp-image-56998\" src=\"https:\/\/wfinderpro.com\/sp\/wp-content\/uploads\/2022\/07\/PDFM-icon-150x150.png\" alt=\"\" width=\"68\" height=\"68\" srcset=\"https:\/\/wfinderpro.com\/sp\/wp-content\/uploads\/2022\/07\/PDFM-icon-150x150.png 150w, https:\/\/wfinderpro.com\/sp\/wp-content\/uploads\/2022\/07\/PDFM-icon-200x200.png 200w\" sizes=\"auto, (max-width: 68px) 100vw, 68px\" \/><\/a><\/p>\n<p style=\"text-align: center;\">PULSE SOBRE LA IMAGEN PARA ACCEDER<\/p>\n<hr \/>\n<ul>\n<li><strong>Opci\u00f3n gratuita 1:<\/strong> Pueden usar el sistema VBOX, aplicaci\u00f3n que permite virtualizar cualquier sistema operaivo Windows (REQUIERE DISPONER DE UN DISCO DE WINDOWS).<\/li>\n<\/ul>\n<p style=\"text-align: center;\"><a title=\"Manual Virtual Box\" href=\"https:\/\/wfinderpro.com\/sp\/manual-virtual-box\/\" target=\"_blank\" rel=\"noopener\">ACCEDA AL MANUAL ORIENTATIVO DE INSTALACI\u00d3N<\/a><a href=\"https:\/\/www.virtualbox.org\/wiki\/Downloads\"><img loading=\"lazy\" decoding=\"async\" class=\"aligncenter wp-image-57270 size-thumbnail\" src=\"https:\/\/wfinderpro.com\/sp\/wp-content\/uploads\/2023\/09\/Virtualbox_logo-150x150.png\" alt=\"\" width=\"150\" height=\"150\" srcset=\"https:\/\/wfinderpro.com\/sp\/wp-content\/uploads\/2023\/09\/Virtualbox_logo-150x150.png 150w, https:\/\/wfinderpro.com\/sp\/wp-content\/uploads\/2023\/09\/Virtualbox_logo-300x300.png 300w, https:\/\/wfinderpro.com\/sp\/wp-content\/uploads\/2023\/09\/Virtualbox_logo-200x200.png 200w, https:\/\/wfinderpro.com\/sp\/wp-content\/uploads\/2023\/09\/Virtualbox_logo.png 512w\" sizes=\"auto, (max-width: 150px) 100vw, 150px\" \/><\/a><br \/>\nPulse sobre la imagen para descargar<\/p>\n<p>Debe descargar: VirtualBox x.x.xx platform packages y elegir <strong>OS X\u00a0hosts<\/strong> y debe disponer de un disco de Windows.<\/p>\n<ul>\n<li><strong>Opci\u00f3n gratuita 2: Boot Camp<\/strong> es una utilidad incluida en macOS que te permite instalar y ejecutar Windows en una partici\u00f3n separada de tu disco duro. Puedes arrancar tu Mac en modo Windows cuando necesites utilizar programas espec\u00edficos de Windows.\n<ul>\n<li><a href=\"https:\/\/support.apple.com\/es-es\/guide\/bootcamp-assistant\/bcmp173b3bf2\/6.1\/mac\/14.0\" target=\"_blank\" rel=\"noopener\">Instalar Windows en un modelo m\u00e1s nuevo de Mac mediante Boot Camp<\/a><\/li>\n<li><a href=\"https:\/\/support.apple.com\/es-es\/guide\/bootcamp-assistant\/bcmp09f5f773\/6.1\/mac\/14.0\" target=\"_blank\" rel=\"noopener\">Instalar Windows en un modelo m\u00e1s antiguo de Mac mediante Boot Camp<\/a><\/li>\n<li><a href=\"https:\/\/support.apple.com\/es-es\/102622\" target=\"_blank\" rel=\"noopener\">C\u00f3mo instalar Windows 10 en el Mac<\/a><\/li>\n<\/ul>\n<\/li>\n<\/ul>\n<hr \/>\n<p><i>(<strong>Nuestra empresa solo proporciona soporte para nuestros productos, por lo que no podemos dar asistencia en estas instalaciones en Mac.<\/strong>)<\/i><\/p>\n<p>Una vez descargado e instalado, ya puede proceder a la descarga e instalaci\u00f3n de los programas espec\u00edficos para la actualizaci\u00f3n de nuestros avisadores, como se indica en la p\u00e1gina anterior.[\/vc_column_text][\/vc_column][\/vc_row][vc_row][vc_column][vc_separator color=\u00bbturquoise\u00bb][\/vc_column][\/vc_row][vc_row][vc_column][vc_message message_box_style=\u00bbsolid-icon\u00bb message_box_color=\u00bbblue\u00bb icon_fontawesome=\u00bb\u00bb css=\u00bb.vc_custom_1705507504521{border-radius: 5px !important;}\u00bb]<\/p>\n<h2 style=\"text-align: center;\">PROGRAMACI\u00d3N<\/h2>\n<p style=\"text-align: center;\">Recuerde instalar el driver ANTES de conectar el dispositivo \u00fanicamente la primera vez.<\/p>\n<p style=\"text-align: center;\">Aseg\u00farese de instalar el driver correspondiente a su sistema operativo.<\/p>\n<p style=\"text-align: center;\">Use el cable suministrado con el equipo a fin de reducir posibles errores.<\/p>\n<p style=\"text-align: center;\">Mantenga su dispositivo actualizado para obtener el mejor rendimiento.<\/p>\n<p>[\/vc_message][\/vc_column][\/vc_row]<\/p>\n<\/div>","protected":false},"excerpt":{"rendered":"<p>[vc_row][vc_column][vc_column_text] Actualizar W-Finder Pro Eclipse DSP [\/vc_column_text][vc_message message_box_color=\u00bbgreen\u00bb icon_fontawesome=\u00bb\u00bb css=\u00bb\u00bb] VERSI\u00d3N de la base de datos disponible 7043 \u2013 17 ABRIL 2026 [\/vc_message][\/vc_column][\/vc_row][vc_row][vc_column][vc_message message_box_color=\u00bbturquoise\u00bb icon_fontawesome=\u00bbfas fa-envelope\u00bb] Puede darse de alta para que le enviemos un correo electr\u00f3nico cuando tenga disponible una actualizaci\u00f3n para su equipo. (tanto de la base de datos como del firmware) [\/vc_message][\/vc_column][\/vc_row][vc_row][vc_column][vc_btn&hellip;<\/p>\n","protected":false},"author":2,"featured_media":0,"parent":54252,"menu_order":440,"comment_status":"closed","ping_status":"closed","template":"","meta":{"jetpack_post_was_ever_published":false,"footnotes":""},"class_list":["post-54602","page","type-page","status-publish","hentry","description-off"],"acf":[],"jetpack_shortlink":"https:\/\/wp.me\/P9XALL-ecG","jetpack_sharing_enabled":true,"_links":{"self":[{"href":"https:\/\/wfinderpro.com\/sp\/wp-json\/wp\/v2\/pages\/54602","targetHints":{"allow":["GET"]}}],"collection":[{"href":"https:\/\/wfinderpro.com\/sp\/wp-json\/wp\/v2\/pages"}],"about":[{"href":"https:\/\/wfinderpro.com\/sp\/wp-json\/wp\/v2\/types\/page"}],"author":[{"embeddable":true,"href":"https:\/\/wfinderpro.com\/sp\/wp-json\/wp\/v2\/users\/2"}],"replies":[{"embeddable":true,"href":"https:\/\/wfinderpro.com\/sp\/wp-json\/wp\/v2\/comments?post=54602"}],"version-history":[{"count":22,"href":"https:\/\/wfinderpro.com\/sp\/wp-json\/wp\/v2\/pages\/54602\/revisions"}],"predecessor-version":[{"id":57840,"href":"https:\/\/wfinderpro.com\/sp\/wp-json\/wp\/v2\/pages\/54602\/revisions\/57840"}],"up":[{"embeddable":true,"href":"https:\/\/wfinderpro.com\/sp\/wp-json\/wp\/v2\/pages\/54252"}],"wp:attachment":[{"href":"https:\/\/wfinderpro.com\/sp\/wp-json\/wp\/v2\/media?parent=54602"}],"curies":[{"name":"wp","href":"https:\/\/api.w.org\/{rel}","templated":true}]}}