{"id":33296,"date":"2014-11-16T12:28:47","date_gmt":"2014-11-16T11:28:47","guid":{"rendered":"https:\/\/the7.io\/main\/?page_id=33296"},"modified":"2024-07-31T10:57:25","modified_gmt":"2024-07-31T09:57:25","slug":"faq","status":"publish","type":"page","link":"https:\/\/wfinderpro.com\/sp\/faq\/","title":{"rendered":"Preguntas Frecuentes"},"content":{"rendered":"<div class=\"wpb-content-wrapper\"><p>[vc_row type=\u00bbvc_default\u00bb margin_top=\u00bb5&#8243; margin_bottom=\u00bb10&#8243; css=\u00bb.vc_custom_1508857432147{padding-top: 70px !important;padding-bottom: 20px !important;}\u00bb][vc_column offset=\u00bbvc_col-lg-8 vc_col-md-8 vc_col-xs-12&#8243; css=\u00bb.vc_custom_1508857394430{padding-bottom: 50px !important;}\u00bb][vc_tabs interval=\u00bb0&#8243; title_size=\u00bbh5&#8243;][vc_tab title=\u00bbCompra\u00bb tab_id=\u00bb1382603893562-2-10&#8243;][vc_accordion active_tab=\u00bbfalse\u00bb collapsible=\u00bbyes\u00bb style=\u00bb3&#8243;][vc_accordion_tab title=\u00bb\u00bfD\u00f3nde puedo comprarlo?\u00bb][vc_column_text]Recomendamos que adquiera el producto en uno de nuestros puntos de venta certificados, donde realizar\u00e1n una instalaci\u00f3n profesional en su veh\u00edculo. Una buena instalaci\u00f3n es fundamental para un correcto funcionamiento del mismo. Si no disponemos de un punto cerca de su domicilio, puede adquirirlo a trav\u00e9s de nuestra web y le enviaremos el producto a su domicilio para que la instalaci\u00f3n la realice un profesional del car-audio de su confianza.[\/vc_column_text][\/vc_accordion_tab][vc_accordion_tab title=\u00bb\u00bfComo realizan el env\u00edo si compro desde la web?\u00bb][vc_column_text]El env\u00edo se realiza mediante agencia de transporte, con entrega certificada. El tiempo de entrega ser\u00e1 entre 24 &#8211; 48 horas en d\u00edas laborables.[\/vc_column_text][\/vc_accordion_tab][vc_accordion_tab title=\u00bb\u00bfPuedo pagar por PayPal sin tener cuenta?\u00bb][vc_column_text]Si lo desea, puede realizar pago seguro mediante PayPal sin necesidad de tener cuenta previa.[\/vc_column_text][\/vc_accordion_tab][vc_accordion_tab title=\u00bb\u00bfPuedo instalar yo el detector en mi veh\u00edculo?\u00bb][vc_column_text]Se requieren conocimientos b\u00e1sicos de electr\u00f3nica. Normalmente tambi\u00e9n es necesario desmontar el parachoches, por lo que es imprescindible herramienta espec\u00edfica y conocimientos al respecto. Por eso recomendamos la instalaci\u00f3n por un profesional.[\/vc_column_text][\/vc_accordion_tab][vc_accordion_tab title=\u00bb\u00bfQue garant\u00eda tiene?\u00bb][vc_column_text css=\u00bb\u00bb]Todos nuestros productos disponen de 3 a\u00f1os de garant\u00eda desde la fecha de compra, seg\u00fan se dispone en la ley de garant\u00edas.[\/vc_column_text][\/vc_accordion_tab][vc_accordion_tab title=\u00bb\u00bfPuedo apagarlo cuando quiera?\u00bb][vc_column_text]Mediante el pulsador oculto usted puede apagar el equipo en cualquier momento, pudi\u00e9ndolo encender de la misma manera cuando desee.[\/vc_column_text][\/vc_accordion_tab][\/vc_accordion][\/vc_tab][vc_tab title=\u00bbInstalaci\u00f3n\u00bb tab_id=\u00bb1416142413755-6-4&#8243;][vc_accordion active_tab=\u00bbfalse\u00bb collapsible=\u00bbyes\u00bb style=\u00bb3&#8243;][vc_accordion_tab title=\u00bb\u00bfPuedo instalar yo el detector en mi veh\u00edculo?\u00bb][vc_column_text]Para una correcta instalaci\u00f3n se requieren conocimientos b\u00e1sicos de electricidad del autom\u00f3vil. Normalmente tambi\u00e9n es necesario desmontar el parachoques delantero del veh\u00edculo, por lo que es imprescindible disponer de herramientas espec\u00edficas y conocimientos al respecto.<\/p>\n<p>Debido a los avanzados sistemas de los que disponen los veh\u00edculos en la actualidad y lo importante de una correcta posici\u00f3n de la antena, adem\u00e1s de otros factores como pinturas metalizadas, etc&#8230;, recomendamos la instalaci\u00f3n por un profesional con experiencia en la instalaci\u00f3n de estos dispositivos.[\/vc_column_text][\/vc_accordion_tab][vc_accordion_tab title=\u00bbRelevancia de la posici\u00f3n de la antena\u00bb][vc_column_text]La posici\u00f3n de la antena puede hacer que la distancia de detecci\u00f3n var\u00ede de manera considerable. Es b\u00e1sico realizar la instalaci\u00f3n de manera correcta siguiendo las instrucciones y manteniendo la posici\u00f3n horizontal respecto a la carretera. Como se indica en el punto anterior, hay factores externos que pueden afectar al rendimiento como pinturas metalizadas, proximidad de dispositivos electr\u00f3nicos, sistemas de radar de veh\u00edculos, etc&#8230;<\/p>\n<p>Para maximizar la distancia de detecci\u00f3n y fiabilidad, es posible instalar una segunda antena.[\/vc_column_text][\/vc_accordion_tab][vc_accordion_tab title=\u00bbMi veh\u00edculo dispone de sistema anti-colisi\u00f3n. \u00bfInterfiere en la se\u00f1al del detector?.\u00bb][vc_column_text]No, nuestros sistemas de detecci\u00f3n no se interfieren con los dispositivos radar anti-colisi\u00f3n actuales.[\/vc_column_text][\/vc_accordion_tab][vc_accordion_tab title=\u00bbAsistentes de cambio de carril\u00bb][vc_column_text]Los sensores que le indican si un veh\u00edculo est\u00e1 en el punto ciego de su retrovisor, emiten una se\u00f1al muy similar a los utilizados para control de tr\u00e1fico, pero no son detectados por nuestra antena DSP como una falsa alerta gracias al sofisticado filtrado digital del que dispone.[\/vc_column_text][\/vc_accordion_tab][vc_accordion_tab title=\u00bb\u00bfDispone de alg\u00fan sistema de seguridad?\u00bb][vc_column_text]Nuestros detectores disponen de un sistema de seguridad que le avisar\u00e1 en caso de fallo de la antena, de forma que sepa en cualquier momento que el dispositivo funciona correctamente. Si recibe el aviso de \u00abperdida conexi\u00f3n con la antena\u00bb, acuda al instalador para que revise el equipo y las conexiones del mismo.[\/vc_column_text][\/vc_accordion_tab][vc_accordion_tab title=\u00bb\u00bfAfecta a la est\u00e9tica de mi veh\u00edculo?\u00bb][vc_column_text]En funci\u00f3n de la versi\u00f3n que instale, puede ser totalmente invisible o llevar un peque\u00f1o m\u00f3dulo de control, que opcionalmente puede ir oculto tambi\u00e9n. Dispone de un interruptor inductivo (opcional en algunas versiones) que se instala de forma totalmente oculto, pero que permite al usuario encender y apagar el equipo de forma manual, as\u00ed como silenciar los avisos cuando sea necesario.[\/vc_column_text][\/vc_accordion_tab][\/vc_accordion][\/vc_tab][vc_tab title=\u00bbSoporte\u00bb tab_id=\u00bb1416142453649-6-7&#8243;][vc_accordion active_tab=\u00bbfalse\u00bb collapsible=\u00bbyes\u00bb style=\u00bb3&#8243;][vc_accordion_tab title=\u00bb\u00bfPuedo apagarlo cuando quiera?\u00bb][vc_column_text]Mediante el pulsador oculto usted puede encender o apagar el equipo de forma manual en cualquier momento. Si se realiza una correcta instalaci\u00f3n, el equipo se encender\u00e1 autom\u00e1ticamente el poner el contacto del veh\u00edculo y se apagar\u00e1 al quitarlo, manteni\u00e9ndose siempre apagado si previamente le hemos apagado mediante dicho pulsador.[\/vc_column_text][\/vc_accordion_tab][vc_accordion_tab title=\u00bbProblemas con la antena\u00bb][vc_column_text]Nuestros detectores disponen de un sistema de seguridad que comprueba constantemente el correcto funcionamiento de la antena, de forma que sabr\u00e1 en todo momento que el dispositivo funciona correctamente. Si recibe el aviso de \u00abperdida la conexi\u00f3n con la antena\u00bb, acuda al instalador para que revise el equipo y las conexiones del mismo.[\/vc_column_text][\/vc_accordion_tab][vc_accordion_tab title=\u00bbLas distancias de aviso son muy cortas\u00bb][vc_column_text]La distancia de aviso depende de muchos factores. Aparte de una correcta instalaci\u00f3n, hay factores externos como la densidad del tr\u00e1fico, la posici\u00f3n y tipo de radar a detectar, humedad ambiental, etc. Por ello, la distancia de detecci\u00f3n puede variar mucho de unos radares o otros.<\/p>\n<p>Si considera que la distancia de detecci\u00f3n es muy corta o se ha reducido considerablemente tras llevar el coche al taller o sufrir un siniestro, acuda a su instalador para la revisi\u00f3n del equipo.[\/vc_column_text][\/vc_accordion_tab][vc_accordion_tab title=\u00bbInstrucciones de cada producto\u00bb][vc_column_text]Puede obtener la \u00faltima versi\u00f3n de las instrucciones de cada producto pulsando <a href=\"https:\/\/wfinderpro.com\/sp\/instrucciones\/\">AQU\u00cd<\/a>.[\/vc_column_text][\/vc_accordion_tab][\/vc_accordion][\/vc_tab][vc_tab title=\u00bbEnviar pregunta\u00bb tab_id=\u00bb1382604100452-5-8&#8243;][vc_column_text css=\u00bb.vc_custom_1529322123185{padding-bottom: 25px !important;}\u00bb]Si no ha encontrado la respuesta que buscaba en este apartado, puede enviarnos su pregunta mediante el siguiente formulario.[\/vc_column_text]<form class=\"dt-contact-form dt-form\" method=\"post\"><input type=\"hidden\" name=\"widget_id\" value=\"presscore-contact-form-widget--1\" \/><input type=\"hidden\" name=\"send_message\" value=\"\" \/><input type=\"hidden\" name=\"security_token\" value=\"7b7115142e833e67a456\"\/><div class=\"form-fields\"><span class=\"form-name\"><label class=\"assistive-text\">Nombre *<\/label><input type=\"text\" class=\"validate[required]\" placeholder=\"Nombre *\" name=\"name\" value=\"\" aria-required=\"true\">\n<\/span><span class=\"form-mail\"><label class=\"assistive-text\">E-mail *<\/label><input type=\"text\" class=\"validate[required,custom[email]]\" placeholder=\"E-mail *\" name=\"email\" value=\"\" aria-required=\"true\">\n<\/span><span class=\"form-telephone\"><label class=\"assistive-text\">Tel\u00e9fono<\/label><input type=\"text\" placeholder=\"Tel\u00e9fono\" name=\"telephone\" value=\"\" aria-required=\"false\">\n<\/span><span class=\"form-city\"><label class=\"assistive-text\">Ciudad<\/label><input type=\"text\" placeholder=\"Ciudad\" name=\"city\" value=\"\" aria-required=\"false\">\n<\/span><\/div><span class=\"form-message\"><label class=\"assistive-text\">Mensaje *<\/label><textarea class=\"validate[required]\" placeholder=\"Mensaje *\" name=\"message\" rows=\"7\" aria-required=\"true\"><\/textarea>\n<\/span><p><a href=\"#\" class=\"dt-btn dt-btn-m dt-btn-submit\" rel=\"nofollow\"><span>Enviar consulta<\/span><\/a><input class=\"assistive-text\" type=\"submit\" value=\"enviar\"><\/p><\/form>\n[\/vc_tab][\/vc_tabs][\/vc_column][vc_column offset=\u00bbvc_col-lg-4 vc_col-md-4 vc_col-xs-12&#8243; css=\u00bb.vc_custom_1508857408489{padding-bottom: 50px !important;}\u00bb][vc_row_inner css=\u00bb.vc_custom_1478874667086{padding-right: 25px !important;padding-bottom: 30px !important;padding-left: 25px !important;}\u00bb][vc_column_inner css=\u00bb.vc_custom_1529331225136{margin-bottom: 30px !important;padding-top: 0px !important;padding-right: 0px !important;padding-bottom: 0px !important;padding-left: 0px !important;background: #1a1c20 url(https:\/\/wfinderpro.com\/sp\/wp-content\/uploads\/2018\/06\/CIMG8054.jpg?id=53269) !important;background-position: center !important;background-repeat: no-repeat !important;background-size: cover !important;}\u00bb offset=\u00bbvc_col-lg-12 vc_col-md-12&#8243;]<div class=\"flip-box-wrap\" tabindex=\"0\" style=\"margin:0px;padding:0px;\"><div class=\"flip-box ifb-custom-height accent-icon-color horizontal_flip_right flip-box-custom-height flip-ifb-custom-height\" data-animation=\"\" data-animation-delay=\"03\" style=\"\"  data-min-height='270px'><div class=\"ifb-flip-box\" id=\"flip-box-wrap-4659\"><div class=\"ifb-face ifb-front \" style=\"color:#ffffff;background:rgba(0,0,0,0.6);  border-color:#A4A4A4; \">\n\t\t\t\t\t\t\t<div class=\"ifb-flip-box-section ifb-flip-box-section-vertical-middle\">\n\t\t\t\t\t\t\t<div class=\"flip-box-icon\"><div class=\"ult-just-icon-wrapper  \"><div class=\"align-icon\" style=\"text-align:center;\">\n<div class=\"aio-icon none \"  style=\"color:#ffffff;font-size:64px;display:inline-block;\">\n\t<i class=\"Defaults-wifi\"><\/i>\n<\/div><\/div><\/div><\/div><h3 class=\"ult-responsive flipbox_heading\"  data-ultimate-target='#flip-box-wrap-4659 .ult-responsive.flipbox_heading'  data-responsive-json-new='{\"font-size\":\"desktop:28px;\",\"line-height\":\"desktop:36px;\"}'  style=\"color:#ffffff; \">Distancia de detecci\u00f3n<\/h3><div class=\"ifb-flip-box-section-content ult-responsive\"  data-ultimate-target='#flip-box-wrap-4659 .ifb-flip-box-section-content.ult-responsive'  data-responsive-json-new='{\"font-size\":\"desktop:14px;\",\"line-height\":\"desktop:24px;\"}'  style=\"color:#ffffff;\"><p>LO M\u00c1S IMPORTANTE<\/p><\/div><\/div><\/div><!-- END .front -->\n\t\t\t\t\t\t<div class=\"ifb-face ifb-back\" style=\"color:#ffffff;background:#1a1c20;  border-color:#A4A4A4; \">\n\t\t\t\t\t\t\t<div class=\"ifb-flip-box-section ifb-flip-box-section-vertical-middle\"><div class=\"ifb-flip-box-section-content ult-responsive\"  data-ultimate-target='#flip-box-wrap-4659 .ifb-flip-box-section-content.ult-responsive'  data-responsive-json-new='{\"font-size\":\"desktop:14px;\",\"line-height\":\"desktop:24px;\"}'  style=\"color:#ffffff;\"><p>La importancia de la distancia de detecci\u00f3n requiere la instalaci\u00f3n de nuestros detectores por un profesional para garantizar el m\u00e1ximo rendimiento.<\/p><\/div><\/div><\/div><!-- END .back --><\/div> <!-- ifb-flip-box --><\/div> <!-- flip-box --><\/div><!-- End icon block -->[\/vc_column_inner][vc_column_inner css=\u00bb.vc_custom_1529331167244{padding-top: 0px !important;padding-right: 0px !important;padding-bottom: 0px !important;padding-left: 0px !important;background: #1a1c20 url(https:\/\/wfinderpro.com\/sp\/wp-content\/uploads\/2018\/06\/instalador.jpg?id=53134) !important;background-position: center !important;background-repeat: no-repeat !important;background-size: cover !important;}\u00bb offset=\u00bbvc_col-lg-12 vc_col-md-12&#8243;]<div class=\"flip-box-wrap\" tabindex=\"0\" style=\"margin:0px;padding:0px;\"><div class=\"flip-box ifb-custom-height accent-icon-color horizontal_flip_right flip-box-custom-height flip-ifb-custom-height\" data-animation=\"\" data-animation-delay=\"03\" style=\"\"  data-min-height='270px'><div class=\"ifb-flip-box\" id=\"flip-box-wrap-2856\"><div class=\"ifb-face ifb-front \" style=\"color:#ffffff;background:rgba(0,0,0,0.6);  border-color:#A4A4A4; \">\n\t\t\t\t\t\t\t<div class=\"ifb-flip-box-section ifb-flip-box-section-vertical-middle\">\n\t\t\t\t\t\t\t<div class=\"flip-box-icon\"><div class=\"ult-just-icon-wrapper  \"><div class=\"align-icon\" style=\"text-align:center;\">\n<div class=\"aio-icon none \"  style=\"color:#ffffff;font-size:64px;display:inline-block;\">\n\t<i class=\"Defaults-wrench\"><\/i>\n<\/div><\/div><\/div><\/div><h3 class=\"ult-responsive flipbox_heading\"  data-ultimate-target='#flip-box-wrap-2856 .ult-responsive.flipbox_heading'  data-responsive-json-new='{\"font-size\":\"desktop:28px;\",\"line-height\":\"desktop:36px;\"}'  style=\"color:#ffffff; \">Si prefiere que le instalen su detector<\/h3><div class=\"ifb-flip-box-section-content ult-responsive\"  data-ultimate-target='#flip-box-wrap-2856 .ifb-flip-box-section-content.ult-responsive'  data-responsive-json-new='{\"font-size\":\"desktop:14px;\",\"line-height\":\"desktop:24px;\"}'  style=\"color:#ffffff;\"><p>SOLICITE UN INSTALADOR<\/p><\/div><\/div><\/div><!-- END .front -->\n\t\t\t\t\t\t<div class=\"ifb-face ifb-back\" style=\"color:#ffffff;background:#1a1c20;  border-color:#A4A4A4; \">\n\t\t\t\t\t\t\t<div class=\"ifb-flip-box-section ifb-flip-box-section-vertical-middle\"><div class=\"ifb-flip-box-section-content ult-responsive\"  data-ultimate-target='#flip-box-wrap-2856 .ifb-flip-box-section-content.ult-responsive'  data-responsive-json-new='{\"font-size\":\"desktop:14px;\",\"line-height\":\"desktop:24px;\"}'  style=\"color:#ffffff;\"><p>Si desea que le instalen alguno de nuestros sistemas, p\u00f3ngase en contacto con nosotros para indicarle el punto de instalaci\u00f3n m\u00e1s cercano.<\/p><\/div><\/div><\/div><!-- END .back --><\/div> <!-- ifb-flip-box --><\/div> <!-- flip-box --><\/div><!-- End icon block -->[\/vc_column_inner][\/vc_row_inner][\/vc_column][\/vc_row]<\/p>\n<\/div>","protected":false},"excerpt":{"rendered":"<p>[vc_row type=\u00bbvc_default\u00bb margin_top=\u00bb5&#8243; margin_bottom=\u00bb10&#8243; css=\u00bb.vc_custom_1508857432147{padding-top: 70px !important;padding-bottom: 20px !important;}\u00bb][vc_column offset=\u00bbvc_col-lg-8 vc_col-md-8 vc_col-xs-12&#8243; css=\u00bb.vc_custom_1508857394430{padding-bottom: 50px !important;}\u00bb][vc_tabs interval=\u00bb0&#8243; title_size=\u00bbh5&#8243;][vc_tab title=\u00bbCompra\u00bb tab_id=\u00bb1382603893562-2-10&#8243;][vc_accordion active_tab=\u00bbfalse\u00bb collapsible=\u00bbyes\u00bb style=\u00bb3&#8243;][vc_accordion_tab title=\u00bb\u00bfD\u00f3nde puedo comprarlo?\u00bb][vc_column_text]Recomendamos que adquiera el producto en uno de nuestros puntos de venta certificados, donde realizar\u00e1n una instalaci\u00f3n profesional en su veh\u00edculo. Una buena instalaci\u00f3n es fundamental para un correcto funcionamiento del&hellip;<\/p>\n","protected":false},"author":2,"featured_media":0,"parent":0,"menu_order":30,"comment_status":"closed","ping_status":"closed","template":"","meta":{"jetpack_post_was_ever_published":false,"footnotes":""},"class_list":["post-33296","page","type-page","status-publish","hentry","description-off"],"acf":[],"yoast_head":"<!-- This site is optimized with the Yoast SEO plugin v27.4 - https:\/\/yoast.com\/product\/yoast-seo-wordpress\/ -->\n<title>Preguntas Frecuentes<\/title>\n<meta name=\"robots\" content=\"index, follow, max-snippet:-1, max-image-preview:large, max-video-preview:-1\" \/>\n<link rel=\"canonical\" href=\"https:\/\/wfinderpro.com\/sp\/faq\/\" \/>\n<meta property=\"og:locale\" content=\"es_ES\" \/>\n<meta property=\"og:type\" content=\"article\" \/>\n<meta property=\"og:title\" content=\"Preguntas Frecuentes\" \/>\n<meta property=\"og:description\" content=\"[vc_row type=\u00bbvc_default\u00bb margin_top=\u00bb5&#8243; margin_bottom=\u00bb10&#8243; css=\u00bb.vc_custom_1508857432147{padding-top: 70px !important;padding-bottom: 20px !important;}\u00bb][vc_column offset=\u00bbvc_col-lg-8 vc_col-md-8 vc_col-xs-12&#8243; css=\u00bb.vc_custom_1508857394430{padding-bottom: 50px !important;}\u00bb][vc_tabs interval=\u00bb0&#8243; title_size=\u00bbh5&#8243;][vc_tab title=\u00bbCompra\u00bb tab_id=\u00bb1382603893562-2-10&#8243;][vc_accordion active_tab=\u00bbfalse\u00bb collapsible=\u00bbyes\u00bb style=\u00bb3&#8243;][vc_accordion_tab title=\u00bb\u00bfD\u00f3nde puedo comprarlo?\u00bb][vc_column_text]Recomendamos que adquiera el producto en uno de nuestros puntos de venta certificados, donde realizar\u00e1n una instalaci\u00f3n profesional en su veh\u00edculo. Una buena instalaci\u00f3n es fundamental para un correcto funcionamiento del&hellip;\" \/>\n<meta property=\"og:url\" content=\"https:\/\/wfinderpro.com\/sp\/faq\/\" \/>\n<meta property=\"og:site_name\" content=\"WFinder Pro\" \/>\n<meta property=\"article:modified_time\" content=\"2024-07-31T09:57:25+00:00\" \/>\n<meta property=\"og:image\" content=\"https:\/\/wfinderpro.com\/sp\/wp-content\/uploads\/2022\/04\/Logo-portada.png\" \/>\n\t<meta property=\"og:image:width\" content=\"3392\" \/>\n\t<meta property=\"og:image:height\" content=\"892\" \/>\n\t<meta property=\"og:image:type\" content=\"image\/png\" \/>\n<meta name=\"twitter:card\" content=\"summary_large_image\" \/>\n<script type=\"application\/ld+json\" class=\"yoast-schema-graph\">{\"@context\":\"https:\\\/\\\/schema.org\",\"@graph\":[{\"@type\":\"WebPage\",\"@id\":\"https:\\\/\\\/wfinderpro.com\\\/sp\\\/faq\\\/\",\"url\":\"https:\\\/\\\/wfinderpro.com\\\/sp\\\/faq\\\/\",\"name\":\"Preguntas Frecuentes\",\"isPartOf\":{\"@id\":\"https:\\\/\\\/wfinderpro.com\\\/sp\\\/#website\"},\"datePublished\":\"2014-11-16T11:28:47+00:00\",\"dateModified\":\"2024-07-31T09:57:25+00:00\",\"breadcrumb\":{\"@id\":\"https:\\\/\\\/wfinderpro.com\\\/sp\\\/faq\\\/#breadcrumb\"},\"inLanguage\":\"es\",\"potentialAction\":[{\"@type\":\"ReadAction\",\"target\":[\"https:\\\/\\\/wfinderpro.com\\\/sp\\\/faq\\\/\"]}]},{\"@type\":\"BreadcrumbList\",\"@id\":\"https:\\\/\\\/wfinderpro.com\\\/sp\\\/faq\\\/#breadcrumb\",\"itemListElement\":[{\"@type\":\"ListItem\",\"position\":1,\"name\":\"Portada\",\"item\":\"https:\\\/\\\/wfinderpro.com\\\/sp\\\/\"},{\"@type\":\"ListItem\",\"position\":2,\"name\":\"Preguntas Frecuentes\"}]},{\"@type\":\"WebSite\",\"@id\":\"https:\\\/\\\/wfinderpro.com\\\/sp\\\/#website\",\"url\":\"https:\\\/\\\/wfinderpro.com\\\/sp\\\/\",\"name\":\"WFinder Pro\",\"description\":\"Radar detectors\",\"publisher\":{\"@id\":\"https:\\\/\\\/wfinderpro.com\\\/sp\\\/#organization\"},\"potentialAction\":[{\"@type\":\"SearchAction\",\"target\":{\"@type\":\"EntryPoint\",\"urlTemplate\":\"https:\\\/\\\/wfinderpro.com\\\/sp\\\/?s={search_term_string}\"},\"query-input\":{\"@type\":\"PropertyValueSpecification\",\"valueRequired\":true,\"valueName\":\"search_term_string\"}}],\"inLanguage\":\"es\"},{\"@type\":\"Organization\",\"@id\":\"https:\\\/\\\/wfinderpro.com\\\/sp\\\/#organization\",\"name\":\"WFinder Pro\",\"url\":\"https:\\\/\\\/wfinderpro.com\\\/sp\\\/\",\"logo\":{\"@type\":\"ImageObject\",\"inLanguage\":\"es\",\"@id\":\"https:\\\/\\\/wfinderpro.com\\\/sp\\\/#\\\/schema\\\/logo\\\/image\\\/\",\"url\":\"https:\\\/\\\/wfinderpro.com\\\/sp\\\/wp-content\\\/uploads\\\/2022\\\/04\\\/Logo-Nuevo-WFinder-30.png\",\"contentUrl\":\"https:\\\/\\\/wfinderpro.com\\\/sp\\\/wp-content\\\/uploads\\\/2022\\\/04\\\/Logo-Nuevo-WFinder-30.png\",\"width\":625,\"height\":214,\"caption\":\"WFinder Pro\"},\"image\":{\"@id\":\"https:\\\/\\\/wfinderpro.com\\\/sp\\\/#\\\/schema\\\/logo\\\/image\\\/\"}}]}<\/script>\n<!-- \/ Yoast SEO plugin. -->","yoast_head_json":{"title":"Preguntas Frecuentes","robots":{"index":"index","follow":"follow","max-snippet":"max-snippet:-1","max-image-preview":"max-image-preview:large","max-video-preview":"max-video-preview:-1"},"canonical":"https:\/\/wfinderpro.com\/sp\/faq\/","og_locale":"es_ES","og_type":"article","og_title":"Preguntas Frecuentes","og_description":"[vc_row type=\u00bbvc_default\u00bb margin_top=\u00bb5&#8243; margin_bottom=\u00bb10&#8243; css=\u00bb.vc_custom_1508857432147{padding-top: 70px !important;padding-bottom: 20px !important;}\u00bb][vc_column offset=\u00bbvc_col-lg-8 vc_col-md-8 vc_col-xs-12&#8243; css=\u00bb.vc_custom_1508857394430{padding-bottom: 50px !important;}\u00bb][vc_tabs interval=\u00bb0&#8243; title_size=\u00bbh5&#8243;][vc_tab title=\u00bbCompra\u00bb tab_id=\u00bb1382603893562-2-10&#8243;][vc_accordion active_tab=\u00bbfalse\u00bb collapsible=\u00bbyes\u00bb style=\u00bb3&#8243;][vc_accordion_tab title=\u00bb\u00bfD\u00f3nde puedo comprarlo?\u00bb][vc_column_text]Recomendamos que adquiera el producto en uno de nuestros puntos de venta certificados, donde realizar\u00e1n una instalaci\u00f3n profesional en su veh\u00edculo. Una buena instalaci\u00f3n es fundamental para un correcto funcionamiento del&hellip;","og_url":"https:\/\/wfinderpro.com\/sp\/faq\/","og_site_name":"WFinder Pro","article_modified_time":"2024-07-31T09:57:25+00:00","og_image":[{"width":3392,"height":892,"url":"https:\/\/wfinderpro.com\/sp\/wp-content\/uploads\/2022\/04\/Logo-portada.png","type":"image\/png"}],"twitter_card":"summary_large_image","schema":{"@context":"https:\/\/schema.org","@graph":[{"@type":"WebPage","@id":"https:\/\/wfinderpro.com\/sp\/faq\/","url":"https:\/\/wfinderpro.com\/sp\/faq\/","name":"Preguntas Frecuentes","isPartOf":{"@id":"https:\/\/wfinderpro.com\/sp\/#website"},"datePublished":"2014-11-16T11:28:47+00:00","dateModified":"2024-07-31T09:57:25+00:00","breadcrumb":{"@id":"https:\/\/wfinderpro.com\/sp\/faq\/#breadcrumb"},"inLanguage":"es","potentialAction":[{"@type":"ReadAction","target":["https:\/\/wfinderpro.com\/sp\/faq\/"]}]},{"@type":"BreadcrumbList","@id":"https:\/\/wfinderpro.com\/sp\/faq\/#breadcrumb","itemListElement":[{"@type":"ListItem","position":1,"name":"Portada","item":"https:\/\/wfinderpro.com\/sp\/"},{"@type":"ListItem","position":2,"name":"Preguntas Frecuentes"}]},{"@type":"WebSite","@id":"https:\/\/wfinderpro.com\/sp\/#website","url":"https:\/\/wfinderpro.com\/sp\/","name":"WFinder Pro","description":"Radar detectors","publisher":{"@id":"https:\/\/wfinderpro.com\/sp\/#organization"},"potentialAction":[{"@type":"SearchAction","target":{"@type":"EntryPoint","urlTemplate":"https:\/\/wfinderpro.com\/sp\/?s={search_term_string}"},"query-input":{"@type":"PropertyValueSpecification","valueRequired":true,"valueName":"search_term_string"}}],"inLanguage":"es"},{"@type":"Organization","@id":"https:\/\/wfinderpro.com\/sp\/#organization","name":"WFinder Pro","url":"https:\/\/wfinderpro.com\/sp\/","logo":{"@type":"ImageObject","inLanguage":"es","@id":"https:\/\/wfinderpro.com\/sp\/#\/schema\/logo\/image\/","url":"https:\/\/wfinderpro.com\/sp\/wp-content\/uploads\/2022\/04\/Logo-Nuevo-WFinder-30.png","contentUrl":"https:\/\/wfinderpro.com\/sp\/wp-content\/uploads\/2022\/04\/Logo-Nuevo-WFinder-30.png","width":625,"height":214,"caption":"WFinder Pro"},"image":{"@id":"https:\/\/wfinderpro.com\/sp\/#\/schema\/logo\/image\/"}}]}},"jetpack_shortlink":"https:\/\/wp.me\/P9XALL-8F2","jetpack_sharing_enabled":true,"_links":{"self":[{"href":"https:\/\/wfinderpro.com\/sp\/wp-json\/wp\/v2\/pages\/33296","targetHints":{"allow":["GET"]}}],"collection":[{"href":"https:\/\/wfinderpro.com\/sp\/wp-json\/wp\/v2\/pages"}],"about":[{"href":"https:\/\/wfinderpro.com\/sp\/wp-json\/wp\/v2\/types\/page"}],"author":[{"embeddable":true,"href":"https:\/\/wfinderpro.com\/sp\/wp-json\/wp\/v2\/users\/2"}],"replies":[{"embeddable":true,"href":"https:\/\/wfinderpro.com\/sp\/wp-json\/wp\/v2\/comments?post=33296"}],"version-history":[{"count":0,"href":"https:\/\/wfinderpro.com\/sp\/wp-json\/wp\/v2\/pages\/33296\/revisions"}],"wp:attachment":[{"href":"https:\/\/wfinderpro.com\/sp\/wp-json\/wp\/v2\/media?parent=33296"}],"curies":[{"name":"wp","href":"https:\/\/api.w.org\/{rel}","templated":true}]}}