{"id":32085,"date":"2018-05-15T15:45:22","date_gmt":"2018-05-15T14:45:22","guid":{"rendered":"https:\/\/the7.io\/main\/?page_id=32085"},"modified":"2023-09-19T09:12:33","modified_gmt":"2023-09-19T08:12:33","slug":"1-creative","status":"publish","type":"page","link":"https:\/\/wfinderpro.com\/sp\/","title":{"rendered":"Inicio"},"content":{"rendered":"<div class=\"wpb-content-wrapper\"><p>[vc_row equal_height=\u00bbyes\u00bb margin_top=\u00bb5&#8243; margin_bottom=\u00bb20&#8243; type=\u00bbvc_default\u00bb css=\u00bb.vc_custom_1476219871664{padding-top: 70px !important;padding-bottom: 40px !important;}\u00bb][vc_column width=\u00bb1\/3&#8243; offset=\u00bbvc_col-lg-4 vc_col-md-4 vc_col-xs-12&#8243; css=\u00bb.vc_custom_1528103500173{padding-bottom: 25px !important;}\u00bb]<div class=\"aio-icon-component  vc_custom_1650875532209  accent-icon-bg style_2\"><div id=\"Info-box-wrap-2955\" class=\"aio-icon-box left-icon\" style=\"\"  ><div class=\"aio-icon-left\"><div class=\"ult-just-icon-wrapper  \"><div class=\"align-icon\" style=\"text-align:center;\">\n<div class=\"aio-icon advanced \"  style=\"color:#ffffff;background:rgba(170,170,170,0.15);border-style:;border-color:#333333;border-width:1px;width:40px;height:40px;line-height:40px;border-radius:500px;font-size:24px;display:inline-block;\">\n\t<i class=\"Defaults-road\"><\/i>\n<\/div><\/div><\/div><\/div><div class=\"aio-ibd-block\"><div class=\"aio-icon-header\" ><h3 class=\"aio-icon-title ult-responsive\"  data-ultimate-target='#Info-box-wrap-2955 .aio-icon-title'  data-responsive-json-new='{\"font-size\":\"desktop:16px;\",\"line-height\":\"desktop:26px;\"}'  style=\"font-weight:bold;\">M\u00e1xima distancia de detecci\u00f3n<\/h3><\/div> <!-- header --><div class=\"aio-icon-description ult-responsive\"  data-ultimate-target='#Info-box-wrap-2955 .aio-icon-description'  data-responsive-json-new='{\"font-size\":\"\",\"line-height\":\"\"}'  style=\"\">M\u00e1xima distancia de aviso con filtrado de falsas alertas <strong>DIGITAL<\/strong>. Funcionamiento silencioso con <span style=\"color: #ff6600;\"><strong>distancias de aviso nunca antes vistas<\/strong><\/span>.<\/div> <!-- description --><\/div> <!-- aio-ibd-block --><\/div> <!-- aio-icon-box --><\/div> <!-- aio-icon-component -->[\/vc_column][vc_column width=\u00bb1\/3&#8243; offset=\u00bbvc_col-lg-4 vc_col-md-4&#8243; css=\u00bb.vc_custom_1538989063997{padding-bottom: 25px !important;}\u00bb]<div class=\"aio-icon-component  vc_custom_1650875559089  accent-icon-bg style_2\"><div id=\"Info-box-wrap-1548\" class=\"aio-icon-box left-icon\" style=\"\"  ><div class=\"aio-icon-left\"><div class=\"ult-just-icon-wrapper  \"><div class=\"align-icon\" style=\"text-align:center;\">\n<div class=\"aio-icon advanced \"  style=\"color:#ffffff;background:rgba(170,170,170,0.15);border-style:;border-color:#333333;border-width:1px;width:40px;height:40px;line-height:40px;border-radius:500px;font-size:24px;display:inline-block;\">\n\t<i class=\"Defaults-exclamation-triangle warning\"><\/i>\n<\/div><\/div><\/div><\/div><div class=\"aio-ibd-block\"><div class=\"aio-icon-header\" ><h3 class=\"aio-icon-title ult-responsive\"  data-ultimate-target='#Info-box-wrap-1548 .aio-icon-title'  data-responsive-json-new='{\"font-size\":\"desktop:16px;\",\"line-height\":\"desktop:26px;\"}'  style=\"font-weight:bold;\">Conducci\u00f3n segura<\/h3><\/div> <!-- header --><div class=\"aio-icon-description ult-responsive\"  data-ultimate-target='#Info-box-wrap-1548 .aio-icon-description'  data-responsive-json-new='{\"font-size\":\"\",\"line-height\":\"\"}'  style=\"\"><span style=\"color: #ff6600;\"><strong>Tecnolog\u00eda exclusiva<\/strong><\/span> digital de recepci\u00f3n y filtrado <span style=\"color: #ff6600;\"><strong>DSP<\/strong> <\/span>proporciona una conducci\u00f3n mucho m\u00e1s relajada y segura, con distancias de detecci\u00f3n maximizadas para anticipar al conductor situaciones de peligro y, en su caso, reducir la velocidad con suficiente antelaci\u00f3n.<\/div> <!-- description --><\/div> <!-- aio-ibd-block --><\/div> <!-- aio-icon-box --><\/div> <!-- aio-icon-component -->[vc_column_text]<\/p>\n<p style=\"text-align: center;\"><pre class=\"ti-widget\" style=\"display: none\"><template id=\"trustindex-google-widget-html\"><div class=\" ti-widget  ti-goog ti-review-text-mode-readmore ti-text-align-left\" data-no-translation=\"true\" data-time-locale=\"hace %d %s|hoy|d\u00eda|d\u00edas|semana|semanas|mes|meses|a\u00f1o|a\u00f1os\" data-plugin-version=\"13.2.9\" data-layout-id=\"11\" data-layout-category=\"badge\" data-set-id=\"light-background\" data-pid=\"\" data-language=\"es\" data-close-locale=\"Cerca\" data-css-version=\"2\" data-size=\"1\"> <div class=\"ti-widget-container\"> <a href=\"https:\/\/admin.trustindex.io\/api\/googleReview?place-id=ChIJD2SSHEQhQg0RU_wxfY6HfdM\" role=\"button\" target=\"_blank\" rel=\"noopener nofollow\" class=\"ti-header ti-header-grid source-Google\"> <div class=\"ti-fade-container\"> <trustindex-image class=\"ti-platform-icon\" data-imgurl=\"https:\/\/cdn.trustindex.io\/assets\/platform\/Google\/icon.svg\" alt=\"Google\" width=\"20\" height=\"20\" loading=\"lazy\"><\/trustindex-image> <div class=\"ti-profile-details\"> <div class=\"ti-text\"> Evaluaci\u00f3n Google <\/div> <div class=\"ti-stars\"> <span class=\"ti-rating\">5.0<\/span> <trustindex-image class=\"ti-star\" data-imgurl=\"https:\/\/cdn.trustindex.io\/assets\/platform\/Google\/star\/f.svg\" alt=\"Google star 1\" width=\"17\" height=\"17\" loading=\"lazy\"><\/trustindex-image><trustindex-image class=\"ti-star\" data-imgurl=\"https:\/\/cdn.trustindex.io\/assets\/platform\/Google\/star\/f.svg\" alt=\"Google star 2\" width=\"17\" height=\"17\" loading=\"lazy\"><\/trustindex-image><trustindex-image class=\"ti-star\" data-imgurl=\"https:\/\/cdn.trustindex.io\/assets\/platform\/Google\/star\/f.svg\" alt=\"Google star 3\" width=\"17\" height=\"17\" loading=\"lazy\"><\/trustindex-image><trustindex-image class=\"ti-star\" data-imgurl=\"https:\/\/cdn.trustindex.io\/assets\/platform\/Google\/star\/f.svg\" alt=\"Google star 4\" width=\"17\" height=\"17\" loading=\"lazy\"><\/trustindex-image><trustindex-image class=\"ti-star\" data-imgurl=\"https:\/\/cdn.trustindex.io\/assets\/platform\/Google\/star\/f.svg\" alt=\"Google star 5\" width=\"17\" height=\"17\" loading=\"lazy\"><\/trustindex-image> <\/div> <\/div> <\/div> <\/a> <\/div> <\/div> <\/template><\/pre><div data-src=\"https:\/\/cdn.trustindex.io\/loader.js?wp-widget\" data-template-id=\"trustindex-google-widget-html\" data-css-url=\"https:\/\/wfinderpro.com\/sp\/wp-content\/uploads\/trustindex-google-widget.css?1774279482\"><\/div>\n<p>[\/vc_column_text][\/vc_column][vc_column width=\u00bb1\/3&#8243; offset=\u00bbvc_col-lg-4 vc_col-md-4&#8243; css=\u00bb.vc_custom_1478180166373{padding-bottom: 25px !important;}\u00bb]<div class=\"aio-icon-component  vc_custom_1650875574006  accent-icon-bg style_2\"><div id=\"Info-box-wrap-3308\" class=\"aio-icon-box left-icon\" style=\"\"  ><div class=\"aio-icon-left\"><div class=\"ult-just-icon-wrapper  \"><div class=\"align-icon\" style=\"text-align:center;\">\n<div class=\"aio-icon advanced \"  style=\"color:#ffffff;background:rgba(170,170,170,0.15);border-style:;border-color:#333333;border-width:1px;width:40px;height:40px;line-height:40px;border-radius:500px;font-size:24px;display:inline-block;\">\n\t<i class=\"Defaults-wrench\"><\/i>\n<\/div><\/div><\/div><\/div><div class=\"aio-ibd-block\"><div class=\"aio-icon-header\" ><h3 class=\"aio-icon-title ult-responsive\"  data-ultimate-target='#Info-box-wrap-3308 .aio-icon-title'  data-responsive-json-new='{\"font-size\":\"desktop:16px;\",\"line-height\":\"desktop:26px;\"}'  style=\"font-weight:bold;\">Accesorios<\/h3><\/div> <!-- header --><div class=\"aio-icon-description ult-responsive\"  data-ultimate-target='#Info-box-wrap-3308 .aio-icon-description'  data-responsive-json-new='{\"font-size\":\"\",\"line-height\":\"\"}'  style=\"\">Mejore el rendimiento y aumente su seguridad con diferentes <strong><span style=\"color: #ff6600;\">accesorios<\/span> <\/strong>que incrementan las prestaciones y funcionalidades.<\/div> <!-- description --><\/div> <!-- aio-ibd-block --><\/div> <!-- aio-icon-box --><\/div> <!-- aio-icon-component -->[\/vc_column][\/vc_row][vc_row equal_height=\u00bbyes\u00bb content_placement=\u00bbtop\u00bb bg_type=\u00bbbg_color\u00bb bg_override=\u00bbex-full\u00bb type=\u00bbvc_default\u00bb css=\u00bb.vc_custom_1496396104130{padding-top: 70px !important;padding-bottom: 40px !important;}\u00bb bg_color_value=\u00bbrgba(170,170,170,0.1)\u00bb][vc_column]<div id=\"ultimate-heading-969469f47c20699b5\" class=\"uvc-heading ult-adjust-bottom-margin ultimate-heading-969469f47c20699b5 uvc-3730 accent-border-color color-title\" data-hspacer=\"line_only\"  data-halign=\"center\" style=\"text-align:center\"><div class=\"uvc-main-heading ult-responsive\"  data-ultimate-target='.uvc-heading.ultimate-heading-969469f47c20699b5 h2'  data-responsive-json-new='{\"font-size\":\"desktop:50px;\",\"line-height\":\"desktop:40px;\"}' ><h2 style=\"font-weight:bold;margin-bottom:10px;\">La tecnolog\u00eda del futuro... en el presente<\/h2><\/div><div class=\"uvc-heading-spacer line_only\" style=\"topheight:1px;\"><span class=\"uvc-headings-line\" style=\"border-style:solid;border-bottom-width:1px;border-color:#ccc;width:autopx;\"><\/span><\/div><div class=\"uvc-sub-heading ult-responsive\"  data-ultimate-target='.uvc-heading.ultimate-heading-969469f47c20699b5 .uvc-sub-heading '  data-responsive-json-new='{\"font-size\":\"desktop:18px;\",\"line-height\":\"desktop:28px;\"}'  style=\"font-weight:bold;\"><\/p>\n<pre><strong>Detectores de radar DSP con tecnolog\u00eda digital exclusiva.<\/strong><\/pre>\n<p><\/div><\/div>[\/vc_column][vc_column width=\u00bb2\/3&#8243; offset=\u00bbvc_col-lg-offset-0 vc_col-lg-6 vc_col-md-offset-0 vc_col-md-6 vc_col-sm-offset-2 vc_col-xs-12&#8243;][vc_single_image image=\u00bb56865&#8243; img_size=\u00bb1181&#215;787&#8243; alignment=\u00bbcenter\u00bb css_animation=\u00bbfadeIn\u00bb lazy_loading=\u00bbtrue\u00bb css=\u00bb.vc_custom_1650875117294{margin-right: -10px !important;margin-left: -10px !important;padding-top: 10px !important;padding-bottom: 20px !important;}\u00bb][vc_btn title=\u00bbQuiero saber m\u00e1s\u00bb style=\u00bbcustom\u00bb custom_background=\u00bb#ed0707&#8243; custom_text=\u00bb#ffffff\u00bb align=\u00bbcenter\u00bb css_animation=\u00bbfadeIn\u00bb link=\u00bburl:https%3A%2F%2Fwfinderpro.com%2Fsp%2Fradar-models%2Feclipsedsp%2F|title:W-Finder%20Pro%20Eclipse%20DSP\u00bb][\/vc_column][vc_column width=\u00bb2\/3&#8243; offset=\u00bbvc_col-lg-offset-0 vc_col-lg-6 vc_col-md-offset-0 vc_col-md-6 vc_col-sm-offset-2 vc_col-xs-12&#8243; css=\u00bb.vc_custom_1476220031159{padding-bottom: 15px !important;}\u00bb]<div id=\"ultimate-heading-975369f47c2069b3d\" class=\"uvc-heading ult-adjust-bottom-margin ultimate-heading-975369f47c2069b3d uvc-4072 \" data-hspacer=\"no_spacer\"  data-halign=\"left\" style=\"text-align:left\"><div class=\"uvc-heading-spacer no_spacer\" style=\"top\"><\/div><div class=\"uvc-main-heading ult-responsive\"  data-ultimate-target='.uvc-heading.ultimate-heading-975369f47c2069b3d h2'  data-responsive-json-new='{\"font-size\":\"desktop:18px;\",\"line-height\":\"desktop:28px;\"}' ><h2 style=\"font-weight:bold;margin-bottom:20px;\">DSP - El sistema de procesamiento digital de se\u00f1ales definitivo.<\/h2><\/div><\/div>[vc_column_text css=\u00bb.vc_custom_1543400026296{padding-bottom: 20px !important;}\u00bb]El sistema de PROCESAMIENTO DIGITAL DE LAS SE\u00d1ALES RADAR proporciona a nuestra gama de detectores DSP la m\u00e1xima distancia de detecci\u00f3n eliminando falsas alertas, y proporcionando la mayor fiabilidad y rendimiento disponibles en la actualidad.[\/vc_column_text][vc_row_inner][vc_column_inner width=\u00bb1\/2&#8243;]<div class=\"standard-arrow bullet-top\"><ul>\n<li>Tecnolog\u00eda DPS de procesamiento digital<\/li>\n<li>Detecci\u00f3n de Banda Ka, Multaradar CD y nuevos radares<\/li>\n<li>Eliminaci\u00f3n de falsas alertas<\/li>\n<li>Configurable de forma r\u00e1pida y sencilla<\/li>\n<\/ul>\n<\/div>[\/vc_column_inner][vc_column_inner width=\u00bb1\/2&#8243;]<div class=\"standard-arrow bullet-top\"><ul>\n<li>Posibilidad de una segunda antena<\/li>\n<li>Dise\u00f1ado para Espa\u00f1a<\/li>\n<li>M\u00faltiples opciones de instalaci\u00f3n<\/li>\n<li>Diversos accesorios disponibles<\/li>\n<li>Disponible con avisador GPS incorporado<\/li>\n<\/ul>\n<\/div>[\/vc_column_inner][\/vc_row_inner][\/vc_column][\/vc_row][vc_row][vc_column width=\u00bb1\/2&#8243;][vc_single_image image=\u00bb56869&#8243; img_size=\u00bblarge\u00bb alignment=\u00bbcenter\u00bb][\/vc_column][vc_column width=\u00bb1\/2&#8243;][vc_cta h2=\u00bb\u00bfFalsas alertas?\u00bb style=\u00bboutline\u00bb color=\u00bbturquoise\u00bb]Gracias a nuestro exclusivo <strong>sistema de filtrado<\/strong>, las falsas alertas producidas por:<\/p>\n<ul>\n<li>Dispositivos de <strong>aviso de \u00e1ngulo muerto (BLIS)<\/strong><\/li>\n<li>Emisores para el <strong>control de velocidad adaptativo<\/strong><\/li>\n<\/ul>\n<p><strong>NO SON UN PROBLEMA para nosotros<\/strong>. Conduzca con la seguiridad y eficacia de nuestros dispositivos.[\/vc_cta][\/vc_column][\/vc_row][vc_row][vc_column width=\u00bb5\/6&#8243;][vc_message icon_fontawesome=\u00bbfas fa-envelope\u00bb]\u00bfQuiere que le avisemos mediante correo electr\u00f3nico cuando est\u00e9 disponible una nueva actualizaci\u00f3n?. Rellene el formulario de inscripci\u00f3n.[\/vc_message][\/vc_column][vc_column width=\u00bb1\/6&#8243;][vc_btn title=\u00bbAviso actualizaciones\u00bb color=\u00bbturquoise\u00bb i_icon_fontawesome=\u00bbfas fa-envelope\u00bb add_icon=\u00bbtrue\u00bb link=\u00bburl:https%3A%2F%2Fwfinderpro.com%2Fsp%2Fboletines%2F|title:boletines\u00bb][\/vc_column][\/vc_row][vc_row][vc_column][vc_empty_space]<div id=\"ultimate-heading-294769f47c2069db7\" class=\"uvc-heading ult-adjust-bottom-margin ultimate-heading-294769f47c2069db7 uvc-651 accent-border-color color-title\" data-hspacer=\"line_only\"  data-halign=\"center\" style=\"text-align:center\"><div class=\"uvc-heading-spacer line_only\" style=\"margin-bottom:70px;height:3px;\"><span class=\"uvc-headings-line\" style=\"border-style:solid;border-bottom-width:3px;border-color:#ccc;width:100px;\"><\/span><\/div><\/div>[\/vc_column][\/vc_row][vc_row][vc_column][vc_video link=\u00bbhttps:\/\/youtu.be\/1qZpqkwVvTc\u00bb el_width=\u00bb70&#8243; align=\u00bbcenter\u00bb][\/vc_column][\/vc_row]<\/p>\n<\/div>","protected":false},"excerpt":{"rendered":"<p>[vc_row equal_height=\u00bbyes\u00bb margin_top=\u00bb5&#8243; margin_bottom=\u00bb20&#8243; type=\u00bbvc_default\u00bb css=\u00bb.vc_custom_1476219871664{padding-top: 70px !important;padding-bottom: 40px !important;}\u00bb][vc_column width=\u00bb1\/3&#8243; offset=\u00bbvc_col-lg-4 vc_col-md-4 vc_col-xs-12&#8243; css=\u00bb.vc_custom_1528103500173{padding-bottom: 25px !important;}\u00bb][\/vc_column][vc_column width=\u00bb1\/3&#8243; offset=\u00bbvc_col-lg-4 vc_col-md-4&#8243; css=\u00bb.vc_custom_1538989063997{padding-bottom: 25px !important;}\u00bb][vc_column_text] [\/vc_column_text][\/vc_column][vc_column width=\u00bb1\/3&#8243; offset=\u00bbvc_col-lg-4 vc_col-md-4&#8243; css=\u00bb.vc_custom_1478180166373{padding-bottom: 25px !important;}\u00bb][\/vc_column][\/vc_row][vc_row equal_height=\u00bbyes\u00bb content_placement=\u00bbtop\u00bb bg_type=\u00bbbg_color\u00bb bg_override=\u00bbex-full\u00bb type=\u00bbvc_default\u00bb css=\u00bb.vc_custom_1496396104130{padding-top: 70px !important;padding-bottom: 40px !important;}\u00bb bg_color_value=\u00bbrgba(170,170,170,0.1)\u00bb][vc_column][\/vc_column][vc_column width=\u00bb2\/3&#8243; offset=\u00bbvc_col-lg-offset-0 vc_col-lg-6 vc_col-md-offset-0 vc_col-md-6 vc_col-sm-offset-2 vc_col-xs-12&#8243;][vc_single_image image=\u00bb56865&#8243; img_size=\u00bb1181&#215;787&#8243; alignment=\u00bbcenter\u00bb css_animation=\u00bbfadeIn\u00bb lazy_loading=\u00bbtrue\u00bb css=\u00bb.vc_custom_1650875117294{margin-right: -10px&hellip;<\/p>\n","protected":false},"author":2,"featured_media":0,"parent":0,"menu_order":1,"comment_status":"closed","ping_status":"closed","template":"","meta":{"jetpack_post_was_ever_published":false,"footnotes":""},"class_list":["post-32085","page","type-page","status-publish","hentry","description-off"],"acf":[],"jetpack_shortlink":"https:\/\/wp.me\/P9XALL-8lv","jetpack_sharing_enabled":true,"_links":{"self":[{"href":"https:\/\/wfinderpro.com\/sp\/wp-json\/wp\/v2\/pages\/32085","targetHints":{"allow":["GET"]}}],"collection":[{"href":"https:\/\/wfinderpro.com\/sp\/wp-json\/wp\/v2\/pages"}],"about":[{"href":"https:\/\/wfinderpro.com\/sp\/wp-json\/wp\/v2\/types\/page"}],"author":[{"embeddable":true,"href":"https:\/\/wfinderpro.com\/sp\/wp-json\/wp\/v2\/users\/2"}],"replies":[{"embeddable":true,"href":"https:\/\/wfinderpro.com\/sp\/wp-json\/wp\/v2\/comments?post=32085"}],"version-history":[{"count":0,"href":"https:\/\/wfinderpro.com\/sp\/wp-json\/wp\/v2\/pages\/32085\/revisions"}],"wp:attachment":[{"href":"https:\/\/wfinderpro.com\/sp\/wp-json\/wp\/v2\/media?parent=32085"}],"curies":[{"name":"wp","href":"https:\/\/api.w.org\/{rel}","templated":true}]}}